{"id":78,"date":"2019-05-30T13:38:36","date_gmt":"2019-05-30T13:38:36","guid":{"rendered":"http:\/\/restaurant.liquid-themes.com\/?page_id=12"},"modified":"2026-02-05T12:50:38","modified_gmt":"2026-02-05T11:50:38","slug":"restaurante-de-comida-venezolana-en-alicante","status":"publish","type":"page","link":"https:\/\/sabole.es\/fr\/","title":{"rendered":"Restaurante de comida venezolana en Alicante"},"content":{"rendered":"<div class=\"wpb-content-wrapper\"><section data-bg-image=\"url\" class=\"vc_row wpb_row vc_row-fluid vc_custom_1770292235949 row-contains-padding-top row-contains-padding-bottom liquid-row-shadowbox-69f192896f3ad vc_row-has-fill vc_row-has-bg vc_column-gap-30 vc_row-o-full-height vc_row-o-columns-middle vc_row-o-content-middle vc_row-flex\"><div class=\"liquid-row-overlay\" style=\"background:rgba(0, 0, 0, 0.7)\"><\/div><div class=\"ld-container container\"><div class=\"row ld-row\"><div class=\"wpb_column vc_column_container vc_col-sm-2 liquid-column-69f192896f9a3\"><div class=\"vc_column-inner\"><div class=\"wpb_wrapper\"   ><div class=\"wpb_wrapper-inner\"><\/div><\/div><\/div><\/div><div class=\"wpb_column vc_column_container vc_col-sm-8 text-center liquid-column-69f192896fbfe\"><div class=\"vc_column-inner\"><div class=\"wpb_wrapper\"   ><div class=\"wpb_wrapper-inner\"><style>.ld_fancy_heading_69f192896fcf0 p{letter-spacing:1px;color:rgb(255, 255, 255);}.ld_fancy_heading_69f192896fcf0 .lqd-highlight-inner{height:0.275em;bottom:0px;}<\/style><div class=\"ld-fancy-heading text-center text-uppercase ld_fancy_heading_69f192896fcf0\">\n\t<p class=\"lqd-highlight-underline lqd-highlight-grow-left\" ><span class=\"ld-fh-txt\"> Depuis 2021 \u00e0 Alicante, Espagne<\/span><\/p><\/div><div class=\"vc_empty_space\"   style=\"height: 10px\"><span class=\"vc_empty_space_inner\"><\/span><\/div><style>.ld_fancy_heading_69f19289700f4 h1{color:rgb(255, 205, 28);}.ld_fancy_heading_69f19289700f4 .lqd-highlight-inner{height:0.275em;bottom:0px;}<\/style><div class=\"ld-fancy-heading text-center ld_fancy_heading_69f19289700f4\">\n\t<h1 class=\"lqd-highlight-underline lqd-highlight-grow-left\" ><span class=\"ld-fh-txt\"> Saveurs du Venezuela qui racontent des histoires pour ceux qui savent savourer la vie<\/span><\/h1><\/div><div class=\"vc_empty_space\"   style=\"height: 20px\"><span class=\"vc_empty_space_inner\"><\/span><\/div><style>.ld_button_69f1928970260.btn-icon-solid .btn-icon{background:rgb(255, 255, 255);}.ld_button_69f1928970260.btn-icon-circle.btn-icon-ripple .btn-icon:before{border-color:rgb(255, 255, 255);}.ld_button_69f1928970260.btn-icon-solid:hover .btn-icon{background:rgb(0, 27, 63);}.ld_button_69f1928970260{background-color:rgb(255, 255, 255);border-color:rgb(255, 255, 255);color:rgb(0, 27, 63);font-size:14px !important;font-weight:800 !important;letter-spacing:0.3em !important;}.ld_button_69f1928970260:hover{background-color:rgb(0, 27, 63);border-color:rgb(0, 27, 63);color:rgb(255, 255, 255);}.ld_button_69f1928970260 .btn-gradient-bg-hover{background:-webkit-linear-gradient(to right, rgb(0, 27, 63) 0%, rgb(0, 27, 63) 100%);background:linear-gradient(to right, rgb(0, 27, 63) 0%, rgb(0, 27, 63) 100%);}.ld_button_69f1928970260 .btn-gradient-border defs stop:first-child{stop-color:rgb(255, 255, 255);}.ld_button_69f1928970260 .btn-gradient-border defs stop:last-child{stop-color:rgb(255, 255, 255);}.ld_button_69f1928970260:hover .btn-gradient-border defs stop:first-child{stop-color:rgb(0, 27, 63);}.ld_button_69f1928970260:hover .btn-gradient-border defs stop:last-child{stop-color:rgb(0, 27, 63);}<\/style><a href=\"#carta\" class=\"btn btn-solid text-uppercase btn-lg semi-round btn-bordered border-thin ld_button_69f1928970260\" data-localscroll=\"true\">\n\t<span>\n\t\t\n\t\t\t\t\t<span class=\"btn-txt\">D\u00e9couvrez notre menu<\/span>\n\t\t\t\n\t\t\t\t<\/span>\n<\/a>\n<div class=\"vc_empty_space\"   style=\"height: 40px\"><span class=\"vc_empty_space_inner\"><\/span><\/div><style>.ld_fancy_heading_69f19289719e4 p{font-size:12px;letter-spacing:3px;color:rgb(255, 255, 255);}.ld_fancy_heading_69f19289719e4 .lqd-highlight-inner{height:0.275em;bottom:0px;}<\/style><div class=\"ld-fancy-heading text-center text-uppercase ld_fancy_heading_69f19289719e4\">\n\t<p class=\"lqd-highlight-underline lqd-highlight-grow-left\" ><span class=\"ld-fh-txt\"> <strong>Local Centro:<\/strong> C\/ Gral. O\u2019Donnell 7, Alicante, Espa\u00f1a<br \/>\n<strong>Local San Juan Playa:<\/strong> C\/ De Las Redes 37, Alicante, Espa\u00f1a<\/span><\/p><\/div><\/div><\/div><\/div><\/div><div class=\"wpb_column vc_column_container vc_col-sm-2 liquid-column-69f1928972dda\"><div class=\"vc_column-inner\"><div class=\"wpb_wrapper\"   ><div class=\"wpb_wrapper-inner\"><\/div><\/div><\/div><\/div><\/div><\/div><\/section><section data-bg-image=\"url\" class=\"vc_row wpb_row vc_row-fluid vc_custom_1728772279126 row-contains-padding-top row-contains-padding-bottom liquid-row-shadowbox-69f192897300d vc_row-has-fill vc_row-has-bg vc_column-gap-30 vc_row-o-content-middle vc_row-flex\"><div class=\"ld-container container\"><div class=\"row ld-row\"><div class=\"wpb_column vc_column_container vc_col-sm-12 liquid-column-69f1928973290\"><div class=\"vc_column-inner\"><div class=\"wpb_wrapper\"   ><div class=\"wpb_wrapper-inner\"><div class=\"vc_row wpb_row vc_inner vc_row-fluid liquid-row-shadowbox-69f192897345a vc_column-gap-30\"><div class=\"wpb_column vc_column_container vc_col-sm-2 liquid-column-69f19289736c6\"><div class=\"vc_column-inner\"><div class=\"wpb_wrapper\"  ><div class=\"wpb_wrapper-inner\"><\/div><\/div><\/div><\/div><div class=\"wpb_column vc_column_container vc_col-sm-8 liquid-column-69f1928973873\"><div class=\"vc_column-inner\"><div class=\"wpb_wrapper\"  ><div class=\"wpb_wrapper-inner\"><style>.ld_fancy_heading_69f192897394a h2{color:#001b3f;}.ld_fancy_heading_69f192897394a h2 {margin-bottom:-0.3em !important;  } .ld_fancy_heading_69f192897394a .lqd-highlight-inner{height:0.275em;bottom:0px;}.ld_fancy_heading_69f192897394a h2 {margin-bottom:-0.3em !important;  } <\/style><div class=\"ld-fancy-heading text-center ld_fancy_heading_69f192897394a\">\n\t<h2 class=\"lqd-highlight-underline lqd-highlight-grow-left\" ><span class=\"ld-fh-txt\"> Le go\u00fbt de nos racines<\/span><\/h2><\/div><div class=\"vc_empty_space\"   style=\"height: 20px\"><span class=\"vc_empty_space_inner\"><\/span><\/div><style>.ld_fancy_heading_69f1928974c8d p{font-size:20px;line-height:28px;color:#001b3f;}.ld_fancy_heading_69f1928974c8d p {margin-bottom:-0.3em !important;  } .ld_fancy_heading_69f1928974c8d .lqd-highlight-inner{height:0.275em;bottom:0px;}.ld_fancy_heading_69f1928974c8d p {margin-bottom:-0.3em !important;  } <\/style><div class=\"ld-fancy-heading text-center ld_fancy_heading_69f1928974c8d\">\n\t<p class=\"lqd-highlight-underline lqd-highlight-grow-left\" ><span class=\"ld-fh-txt\"> <strong>Sabol\u00e9<\/strong>, o\u00f9 chaque plat refl\u00e8te ses racines v\u00e9n\u00e9zu\u00e9liennes et l'amour pour la cuisine artisanale. Un restaurant plein de joie, car c'est ainsi que nous sommes : chaleureux, authentiques et passionn\u00e9s par l'id\u00e9e de vous offrir la meilleure exp\u00e9rience qui vous fera vous sentir chez vous.<\/span><\/p><\/div><\/div><\/div><\/div><\/div><div class=\"wpb_column vc_column_container vc_col-sm-2 liquid-column-69f192897534e\"><div class=\"vc_column-inner\"><div class=\"wpb_wrapper\"  ><div class=\"wpb_wrapper-inner\"><\/div><\/div><\/div><\/div><\/div><\/div><\/div><\/div><\/div><\/div><\/div><\/section><section id=\"carta\" data-bg-image=\"url\" class=\"vc_row wpb_row vc_row-fluid vc_custom_1728772378608 row-contains-padding-top row-contains-padding-bottom liquid-row-shadowbox-69f19289755b2 vc_row-has-fill vc_row-has-bg vc_column-gap-30 vc_row-o-content-middle vc_row-flex\"><div class=\"ld-container container\"><div class=\"row ld-row\"><div class=\"wpb_column vc_column_container vc_col-sm-12 liquid-column-69f192897585b\"><div class=\"vc_column-inner\"><div class=\"wpb_wrapper\"   ><div class=\"wpb_wrapper-inner\"><div class=\"vc_row wpb_row vc_inner vc_row-fluid liquid-row-shadowbox-69f19289759d2\"><div class=\"wpb_column vc_column_container vc_col-sm-2 liquid-column-69f1928975bc3\"><div class=\"vc_column-inner\"><div class=\"wpb_wrapper\"  ><div class=\"wpb_wrapper-inner\"><\/div><\/div><\/div><\/div><div class=\"wpb_column vc_column_container vc_col-sm-8 liquid-column-69f1928975d77\"><div class=\"vc_column-inner\"><div class=\"wpb_wrapper\"  ><div class=\"wpb_wrapper-inner\"><style>.ld_fancy_heading_69f1928975e41 h2{color:#001b3f;}.ld_fancy_heading_69f1928975e41 .lqd-highlight-inner{height:0.275em;bottom:0px;}<\/style><div class=\"ld-fancy-heading text-center ld_fancy_heading_69f1928975e41\">\n\t<h2 class=\"lqd-highlight-underline lqd-highlight-grow-left\" ><span class=\"ld-fh-txt\"> Vous \u00eates \u00e0 un pas de go\u00fbter \u00e0 la v\u00e9ritable cuisine v\u00e9n\u00e9zu\u00e9lienne.<\/span><\/h2><\/div><style>.ld_fancy_heading_69f1928975f40 h3{color:#ffcd1c;}.ld_fancy_heading_69f1928975f40 .lqd-highlight-inner{height:0.275em;bottom:0px;}<\/style><div class=\"ld-fancy-heading text-center ld_fancy_heading_69f1928975f40\">\n\t<h3 class=\"lqd-highlight-underline lqd-highlight-grow-left\" ><span class=\"ld-fh-txt\"> Acc\u00e9dez \u00e0 l'une de nos cartes:<\/span><\/h3><\/div><\/div><\/div><\/div><\/div><div class=\"wpb_column vc_column_container vc_col-sm-2 liquid-column-69f1928976152\"><div class=\"vc_column-inner\"><div class=\"wpb_wrapper\"  ><div class=\"wpb_wrapper-inner\"><\/div><\/div><\/div><\/div><\/div><div class=\"vc_row wpb_row vc_inner vc_row-fluid vc_custom_1728744245740 liquid-row-shadowbox-69f192897628b vc_column-gap-20\"><div class=\"wpb_column vc_column_container vc_col-sm-3 liquid-column-69f1928976488\"><div class=\"vc_column-inner\"><div class=\"wpb_wrapper\"  ><div class=\"wpb_wrapper-inner\"><div id=\"ld_content_box_69f1928976594\" class=\"fancy-box fancy-box-case-study scheme-light ld_content_box_69f1928976594\" data-hover3d=\"true\">\n\n\t<div class=\"fancy-box-contents border-radius-5\" data-stacking-factor=\"0.5\">\n\n\t\t<div class=\"cb-img-container border-radius-5\">\n\n\t\t\t<figure class=\"fancy-box-image border-radius-5\" style=\"background-image: url(https:\/\/sabole.es\/wp-content\/uploads\/2024\/10\/Sabole-Web-Carta-Comidas.jpg);\">\n\t\t\t\t<img loading=\"lazy\" decoding=\"async\" width=\"1080\" height=\"1350\" src=\"data:image\/svg+xml;charset=utf-8,&lt;svg xmlns%3D&#039;http%3A%2F%2Fwww.w3.org%2F2000%2Fsvg&#039; viewBox%3D&#039;0 0 1080 1350&#039;%2F&gt;\" class=\"invisible ld-lazyload\" alt=\"\" srcset=\"\" sizes=\"auto, (max-width: 1080px) 100vw, 1080px\" data-src=\"https:\/\/sabole.es\/wp-content\/uploads\/2024\/10\/Sabole-Web-Carta-Comidas.jpg\" data-srcset=\"https:\/\/sabole.es\/wp-content\/uploads\/2024\/10\/Sabole-Web-Carta-Comidas.jpg 1080w, https:\/\/sabole.es\/wp-content\/uploads\/2024\/10\/Sabole-Web-Carta-Comidas-240x300.jpg 240w, https:\/\/sabole.es\/wp-content\/uploads\/2024\/10\/Sabole-Web-Carta-Comidas-819x1024.jpg 819w, https:\/\/sabole.es\/wp-content\/uploads\/2024\/10\/Sabole-Web-Carta-Comidas-10x12.jpg 10w\" data-aspect=\"0.8\" \/>\t\t\t<\/figure>\n\n\t\t<\/div><!-- \/.cb-img-container -->\n\t\t<div class=\"fancy-box-header\">\n\t\t\t\n\t\t\t\t\t\t\t\t\t<h3>Carte des Plats<\/h3>\n\t\t<\/div><!-- \/.fancy-box-header -->\n\n\t<\/div><!-- \/.fancy-box-contents -->\n\n\t<a href=\"https:\/\/sabole.es\/fr\/carta\/\" title=\"Carte des Plats\" class=\"liquid-overlay-link\"><\/a>\n<\/div><!-- \/.fancy-box fancy-box-classes --><\/div><\/div><\/div><\/div><div class=\"wpb_column vc_column_container vc_col-sm-3 liquid-column-69f192897b562\"><div class=\"vc_column-inner\"><div class=\"wpb_wrapper\"  ><div class=\"wpb_wrapper-inner\"><div id=\"ld_content_box_69f192897b64a\" class=\"fancy-box fancy-box-case-study scheme-light ld_content_box_69f192897b64a\" data-hover3d=\"true\">\n\n\t<div class=\"fancy-box-contents border-radius-5\" data-stacking-factor=\"0.5\">\n\n\t\t<div class=\"cb-img-container border-radius-5\">\n\n\t\t\t<figure class=\"fancy-box-image border-radius-5\" style=\"background-image: url(https:\/\/sabole.es\/wp-content\/uploads\/2024\/10\/Sabole-Web-Carta-Postres.jpg);\">\n\t\t\t\t<img loading=\"lazy\" decoding=\"async\" width=\"1080\" height=\"1350\" src=\"data:image\/svg+xml;charset=utf-8,&lt;svg xmlns%3D&#039;http%3A%2F%2Fwww.w3.org%2F2000%2Fsvg&#039; viewBox%3D&#039;0 0 1080 1350&#039;%2F&gt;\" class=\"invisible ld-lazyload\" alt=\"\" srcset=\"\" sizes=\"auto, (max-width: 1080px) 100vw, 1080px\" data-src=\"https:\/\/sabole.es\/wp-content\/uploads\/2024\/10\/Sabole-Web-Carta-Postres.jpg\" data-srcset=\"https:\/\/sabole.es\/wp-content\/uploads\/2024\/10\/Sabole-Web-Carta-Postres.jpg 1080w, https:\/\/sabole.es\/wp-content\/uploads\/2024\/10\/Sabole-Web-Carta-Postres-240x300.jpg 240w, https:\/\/sabole.es\/wp-content\/uploads\/2024\/10\/Sabole-Web-Carta-Postres-819x1024.jpg 819w, https:\/\/sabole.es\/wp-content\/uploads\/2024\/10\/Sabole-Web-Carta-Postres-10x12.jpg 10w\" data-aspect=\"0.8\" \/>\t\t\t<\/figure>\n\n\t\t<\/div><!-- \/.cb-img-container -->\n\t\t<div class=\"fancy-box-header\">\n\t\t\t\n\t\t\t\t\t\t\t\t\t<h3>Carte des Desserts<\/h3>\n\t\t<\/div><!-- \/.fancy-box-header -->\n\n\t<\/div><!-- \/.fancy-box-contents -->\n\n\t<a href=\"https:\/\/sabole.es\/fr\/carta-de-postres\/\" title=\"Carte des Desserts\" class=\"liquid-overlay-link\"><\/a>\n<\/div><!-- \/.fancy-box fancy-box-classes --><\/div><\/div><\/div><\/div><div class=\"wpb_column vc_column_container vc_col-sm-3 liquid-column-69f192897e877\"><div class=\"vc_column-inner\"><div class=\"wpb_wrapper\"  ><div class=\"wpb_wrapper-inner\"><div id=\"ld_content_box_69f192897e958\" class=\"fancy-box fancy-box-case-study scheme-light ld_content_box_69f192897e958\" data-hover3d=\"true\">\n\n\t<div class=\"fancy-box-contents border-radius-5\" data-stacking-factor=\"0.5\">\n\n\t\t<div class=\"cb-img-container border-radius-5\">\n\n\t\t\t<figure class=\"fancy-box-image border-radius-5\" style=\"background-image: url(https:\/\/sabole.es\/wp-content\/uploads\/2024\/10\/Sabole-Web-Carta-Bebidas.jpg);\">\n\t\t\t\t<img loading=\"lazy\" decoding=\"async\" width=\"1080\" height=\"1350\" src=\"data:image\/svg+xml;charset=utf-8,&lt;svg xmlns%3D&#039;http%3A%2F%2Fwww.w3.org%2F2000%2Fsvg&#039; viewBox%3D&#039;0 0 1080 1350&#039;%2F&gt;\" class=\"invisible ld-lazyload\" alt=\"\" srcset=\"\" sizes=\"auto, (max-width: 1080px) 100vw, 1080px\" data-src=\"https:\/\/sabole.es\/wp-content\/uploads\/2024\/10\/Sabole-Web-Carta-Bebidas.jpg\" data-srcset=\"https:\/\/sabole.es\/wp-content\/uploads\/2024\/10\/Sabole-Web-Carta-Bebidas.jpg 1080w, https:\/\/sabole.es\/wp-content\/uploads\/2024\/10\/Sabole-Web-Carta-Bebidas-240x300.jpg 240w, https:\/\/sabole.es\/wp-content\/uploads\/2024\/10\/Sabole-Web-Carta-Bebidas-819x1024.jpg 819w, https:\/\/sabole.es\/wp-content\/uploads\/2024\/10\/Sabole-Web-Carta-Bebidas-10x12.jpg 10w\" data-aspect=\"0.8\" \/>\t\t\t<\/figure>\n\n\t\t<\/div><!-- \/.cb-img-container -->\n\t\t<div class=\"fancy-box-header\">\n\t\t\t\n\t\t\t\t\t\t\t\t\t<h3>Carte des Boissons<\/h3>\n\t\t<\/div><!-- \/.fancy-box-header -->\n\n\t<\/div><!-- \/.fancy-box-contents -->\n\n\t<a href=\"https:\/\/sabole.es\/fr\/carta-de-bebidas\/\" title=\"Carte des Boissons\" class=\"liquid-overlay-link\"><\/a>\n<\/div><!-- \/.fancy-box fancy-box-classes --><\/div><\/div><\/div><\/div><div class=\"wpb_column vc_column_container vc_col-sm-3 liquid-column-69f19289818e9\"><div class=\"vc_column-inner\"><div class=\"wpb_wrapper\"  ><div class=\"wpb_wrapper-inner\"><div id=\"ld_content_box_69f19289819de\" class=\"fancy-box fancy-box-case-study scheme-light ld_content_box_69f19289819de\" data-hover3d=\"true\">\n\n\t<div class=\"fancy-box-contents border-radius-5\" data-stacking-factor=\"0.5\">\n\n\t\t<div class=\"cb-img-container border-radius-5\">\n\n\t\t\t<figure class=\"fancy-box-image border-radius-5\" style=\"background-image: url(https:\/\/sabole.es\/wp-content\/uploads\/2024\/10\/Sabole-Web-Carta-Desayunos.jpg);\">\n\t\t\t\t<img loading=\"lazy\" decoding=\"async\" width=\"1080\" height=\"1350\" src=\"data:image\/svg+xml;charset=utf-8,&lt;svg xmlns%3D&#039;http%3A%2F%2Fwww.w3.org%2F2000%2Fsvg&#039; viewBox%3D&#039;0 0 1080 1350&#039;%2F&gt;\" class=\"invisible ld-lazyload\" alt=\"\" srcset=\"\" sizes=\"auto, (max-width: 1080px) 100vw, 1080px\" data-src=\"https:\/\/sabole.es\/wp-content\/uploads\/2024\/10\/Sabole-Web-Carta-Desayunos.jpg\" data-srcset=\"https:\/\/sabole.es\/wp-content\/uploads\/2024\/10\/Sabole-Web-Carta-Desayunos.jpg 1080w, https:\/\/sabole.es\/wp-content\/uploads\/2024\/10\/Sabole-Web-Carta-Desayunos-240x300.jpg 240w, https:\/\/sabole.es\/wp-content\/uploads\/2024\/10\/Sabole-Web-Carta-Desayunos-819x1024.jpg 819w, https:\/\/sabole.es\/wp-content\/uploads\/2024\/10\/Sabole-Web-Carta-Desayunos-10x12.jpg 10w\" data-aspect=\"0.8\" \/>\t\t\t<\/figure>\n\n\t\t<\/div><!-- \/.cb-img-container -->\n\t\t<div class=\"fancy-box-header\">\n\t\t\t\n\t\t\t\t\t\t\t\t\t<h3>Carte des Petits D\u00e9jeuners<\/h3>\n\t\t<\/div><!-- \/.fancy-box-header -->\n\n\t<\/div><!-- \/.fancy-box-contents -->\n\n\t<a href=\"https:\/\/sabole.es\/fr\/carta-de-desayunos\/\" title=\"Carte des Petits D\u00e9jeuners\" class=\"liquid-overlay-link\"><\/a>\n<\/div><!-- \/.fancy-box fancy-box-classes --><\/div><\/div><\/div><\/div><\/div><\/div><\/div><\/div><\/div><\/div><\/div><\/section>\n<\/div>","protected":false},"excerpt":{"rendered":"Desde el 2021 en Alicante, Espa\u00f1a Sabores de Venezuela que cuentan historias para los que...","protected":false},"author":1,"featured_media":0,"parent":0,"menu_order":0,"comment_status":"closed","ping_status":"closed","template":"","meta":{"footnotes":""},"class_list":["post-78","page","type-page","status-publish","hentry"],"yoast_head":"<!-- This site is optimized with the Yoast SEO plugin v24.5 - https:\/\/yoast.com\/wordpress\/plugins\/seo\/ -->\n<title>Restaurante de comida venezolana en Alicante - Sabol\u00e9<\/title>\n<meta name=\"description\" content=\"Descubre Sabol\u00e9, el mejor restaurante venezolano en Alicante donde los sabores aut\u00e9nticos de Venezuela te esperan. Arepas, cachapas y m\u00e1s, en un ambiente acogedor y lleno de buena energ\u00eda. \u00a1Reserva ya tu mesa y vive la experiencia!\" \/>\n<meta name=\"robots\" content=\"index, follow, max-snippet:-1, max-image-preview:large, max-video-preview:-1\" \/>\n<link rel=\"canonical\" href=\"https:\/\/sabole.es\/fr\/\" \/>\n<meta property=\"og:locale\" content=\"fr_FR\" \/>\n<meta property=\"og:type\" content=\"article\" \/>\n<meta property=\"og:title\" content=\"Restaurante de comida venezolana en Alicante - Sabol\u00e9\" \/>\n<meta property=\"og:description\" content=\"Descubre Sabol\u00e9, el mejor restaurante venezolano en Alicante donde los sabores aut\u00e9nticos de Venezuela te esperan. Arepas, cachapas y m\u00e1s, en un ambiente acogedor y lleno de buena energ\u00eda. \u00a1Reserva ya tu mesa y vive la experiencia!\" \/>\n<meta property=\"og:url\" content=\"https:\/\/sabole.es\/fr\/\" \/>\n<meta property=\"og:site_name\" content=\"Sabol\u00e9\" \/>\n<meta property=\"article:publisher\" content=\"https:\/\/www.instagram.com\/sabole.alicante\/\" \/>\n<meta property=\"article:modified_time\" content=\"2026-02-05T11:50:38+00:00\" \/>\n<meta name=\"twitter:card\" content=\"summary_large_image\" \/>\n<meta name=\"twitter:label1\" content=\"Dur\u00e9e de lecture estim\u00e9e\" \/>\n\t<meta name=\"twitter:data1\" content=\"2 minutes\" \/>\n<script type=\"application\/ld+json\" class=\"yoast-schema-graph\">{\"@context\":\"https:\/\/schema.org\",\"@graph\":[{\"@type\":\"WebPage\",\"@id\":\"https:\/\/sabole.es\/\",\"url\":\"https:\/\/sabole.es\/\",\"name\":\"Restaurante de comida venezolana en Alicante - Sabol\u00e9\",\"isPartOf\":{\"@id\":\"https:\/\/sabole.es\/#website\"},\"datePublished\":\"2019-05-30T13:38:36+00:00\",\"dateModified\":\"2026-02-05T11:50:38+00:00\",\"description\":\"Descubre Sabol\u00e9, el mejor restaurante venezolano en Alicante donde los sabores aut\u00e9nticos de Venezuela te esperan. Arepas, cachapas y m\u00e1s, en un ambiente acogedor y lleno de buena energ\u00eda. \u00a1Reserva ya tu mesa y vive la experiencia!\",\"breadcrumb\":{\"@id\":\"https:\/\/sabole.es\/#breadcrumb\"},\"inLanguage\":\"fr-FR\",\"potentialAction\":[{\"@type\":\"ReadAction\",\"target\":[\"https:\/\/sabole.es\/\"]}]},{\"@type\":\"BreadcrumbList\",\"@id\":\"https:\/\/sabole.es\/#breadcrumb\",\"itemListElement\":[{\"@type\":\"ListItem\",\"position\":1,\"name\":\"Portada\",\"item\":\"https:\/\/sabole.es\/\"},{\"@type\":\"ListItem\",\"position\":2,\"name\":\"Restaurante de comida venezolana en Alicante\"}]},{\"@type\":\"WebSite\",\"@id\":\"https:\/\/sabole.es\/#website\",\"url\":\"https:\/\/sabole.es\/\",\"name\":\"Sabol\u00e9\",\"description\":\"Restaurante venezolano en Alicante\",\"publisher\":{\"@id\":\"https:\/\/sabole.es\/#organization\"},\"potentialAction\":[{\"@type\":\"SearchAction\",\"target\":{\"@type\":\"EntryPoint\",\"urlTemplate\":\"https:\/\/sabole.es\/?s={search_term_string}\"},\"query-input\":{\"@type\":\"PropertyValueSpecification\",\"valueRequired\":true,\"valueName\":\"search_term_string\"}}],\"inLanguage\":\"fr-FR\"},{\"@type\":\"Organization\",\"@id\":\"https:\/\/sabole.es\/#organization\",\"name\":\"Sabol\u00e9\",\"url\":\"https:\/\/sabole.es\/\",\"logo\":{\"@type\":\"ImageObject\",\"inLanguage\":\"fr-FR\",\"@id\":\"https:\/\/sabole.es\/#\/schema\/logo\/image\/\",\"url\":\"https:\/\/sabole.es\/wp-content\/uploads\/2024\/10\/Sabole-Web-LogoSabole-Yellow.svg\",\"contentUrl\":\"https:\/\/sabole.es\/wp-content\/uploads\/2024\/10\/Sabole-Web-LogoSabole-Yellow.svg\",\"width\":1,\"height\":1,\"caption\":\"Sabol\u00e9\"},\"image\":{\"@id\":\"https:\/\/sabole.es\/#\/schema\/logo\/image\/\"},\"sameAs\":[\"https:\/\/www.instagram.com\/sabole.alicante\/\"]}]}<\/script>\n<!-- \/ Yoast SEO plugin. -->","yoast_head_json":{"title":"Restaurante de comida venezolana en Alicante - Sabol\u00e9","description":"Descubre Sabol\u00e9, el mejor restaurante venezolano en Alicante donde los sabores aut\u00e9nticos de Venezuela te esperan. Arepas, cachapas y m\u00e1s, en un ambiente acogedor y lleno de buena energ\u00eda. \u00a1Reserva ya tu mesa y vive la experiencia!","robots":{"index":"index","follow":"follow","max-snippet":"max-snippet:-1","max-image-preview":"max-image-preview:large","max-video-preview":"max-video-preview:-1"},"canonical":"https:\/\/sabole.es\/fr\/","og_locale":"fr_FR","og_type":"article","og_title":"Restaurante de comida venezolana en Alicante - Sabol\u00e9","og_description":"Descubre Sabol\u00e9, el mejor restaurante venezolano en Alicante donde los sabores aut\u00e9nticos de Venezuela te esperan. Arepas, cachapas y m\u00e1s, en un ambiente acogedor y lleno de buena energ\u00eda. \u00a1Reserva ya tu mesa y vive la experiencia!","og_url":"https:\/\/sabole.es\/fr\/","og_site_name":"Sabol\u00e9","article_publisher":"https:\/\/www.instagram.com\/sabole.alicante\/","article_modified_time":"2026-02-05T11:50:38+00:00","twitter_card":"summary_large_image","twitter_misc":{"Dur\u00e9e de lecture estim\u00e9e":"2 minutes"},"schema":{"@context":"https:\/\/schema.org","@graph":[{"@type":"WebPage","@id":"https:\/\/sabole.es\/","url":"https:\/\/sabole.es\/","name":"Restaurante de comida venezolana en Alicante - Sabol\u00e9","isPartOf":{"@id":"https:\/\/sabole.es\/#website"},"datePublished":"2019-05-30T13:38:36+00:00","dateModified":"2026-02-05T11:50:38+00:00","description":"Descubre Sabol\u00e9, el mejor restaurante venezolano en Alicante donde los sabores aut\u00e9nticos de Venezuela te esperan. Arepas, cachapas y m\u00e1s, en un ambiente acogedor y lleno de buena energ\u00eda. \u00a1Reserva ya tu mesa y vive la experiencia!","breadcrumb":{"@id":"https:\/\/sabole.es\/#breadcrumb"},"inLanguage":"fr-FR","potentialAction":[{"@type":"ReadAction","target":["https:\/\/sabole.es\/"]}]},{"@type":"BreadcrumbList","@id":"https:\/\/sabole.es\/#breadcrumb","itemListElement":[{"@type":"ListItem","position":1,"name":"Portada","item":"https:\/\/sabole.es\/"},{"@type":"ListItem","position":2,"name":"Restaurante de comida venezolana en Alicante"}]},{"@type":"WebSite","@id":"https:\/\/sabole.es\/#website","url":"https:\/\/sabole.es\/","name":"Sabol\u00e9","description":"Restaurante venezolano en Alicante","publisher":{"@id":"https:\/\/sabole.es\/#organization"},"potentialAction":[{"@type":"SearchAction","target":{"@type":"EntryPoint","urlTemplate":"https:\/\/sabole.es\/?s={search_term_string}"},"query-input":{"@type":"PropertyValueSpecification","valueRequired":true,"valueName":"search_term_string"}}],"inLanguage":"fr-FR"},{"@type":"Organization","@id":"https:\/\/sabole.es\/#organization","name":"Sabol\u00e9","url":"https:\/\/sabole.es\/","logo":{"@type":"ImageObject","inLanguage":"fr-FR","@id":"https:\/\/sabole.es\/#\/schema\/logo\/image\/","url":"https:\/\/sabole.es\/wp-content\/uploads\/2024\/10\/Sabole-Web-LogoSabole-Yellow.svg","contentUrl":"https:\/\/sabole.es\/wp-content\/uploads\/2024\/10\/Sabole-Web-LogoSabole-Yellow.svg","width":1,"height":1,"caption":"Sabol\u00e9"},"image":{"@id":"https:\/\/sabole.es\/#\/schema\/logo\/image\/"},"sameAs":["https:\/\/www.instagram.com\/sabole.alicante\/"]}]}},"_links":{"self":[{"href":"https:\/\/sabole.es\/fr\/wp-json\/wp\/v2\/pages\/78","targetHints":{"allow":["GET"]}}],"collection":[{"href":"https:\/\/sabole.es\/fr\/wp-json\/wp\/v2\/pages"}],"about":[{"href":"https:\/\/sabole.es\/fr\/wp-json\/wp\/v2\/types\/page"}],"author":[{"embeddable":true,"href":"https:\/\/sabole.es\/fr\/wp-json\/wp\/v2\/users\/1"}],"replies":[{"embeddable":true,"href":"https:\/\/sabole.es\/fr\/wp-json\/wp\/v2\/comments?post=78"}],"version-history":[{"count":106,"href":"https:\/\/sabole.es\/fr\/wp-json\/wp\/v2\/pages\/78\/revisions"}],"predecessor-version":[{"id":901,"href":"https:\/\/sabole.es\/fr\/wp-json\/wp\/v2\/pages\/78\/revisions\/901"}],"wp:attachment":[{"href":"https:\/\/sabole.es\/fr\/wp-json\/wp\/v2\/media?parent=78"}],"curies":[{"name":"wp","href":"https:\/\/api.w.org\/{rel}","templated":true}]}}