{"id":526,"date":"2024-11-08T13:30:31","date_gmt":"2024-11-08T12:30:31","guid":{"rendered":"https:\/\/sabole.es\/?page_id=526"},"modified":"2026-02-05T12:57:24","modified_gmt":"2026-02-05T11:57:24","slug":"restaurante-para-desayuno-brunch-y-almuerzo-en-alicante","status":"publish","type":"page","link":"https:\/\/sabole.es\/fr\/restaurante-para-desayuno-brunch-y-almuerzo-en-alicante\/","title":{"rendered":"Restaurante para desayunar en Alicante"},"content":{"rendered":"<div class=\"wpb-content-wrapper\"><section data-bg-image=\"url\" class=\"vc_row wpb_row vc_row-fluid vc_custom_1770292641744 row-contains-padding-top row-contains-padding-bottom liquid-row-shadowbox-69f29bcc57262 vc_row-has-fill vc_row-has-bg vc_column-gap-30 vc_row-o-content-middle vc_row-flex\"><div class=\"liquid-row-overlay\" style=\"background:rgba(0, 0, 0, 0.7)\"><\/div><div class=\"ld-container container\"><div class=\"row ld-row\"><div class=\"wpb_column vc_column_container vc_col-sm-2 liquid-column-69f29bcc5778f\"><div class=\"vc_column-inner\"><div class=\"wpb_wrapper\"   ><div class=\"wpb_wrapper-inner\"><\/div><\/div><\/div><\/div><div class=\"wpb_column vc_column_container vc_col-sm-8 text-center liquid-column-69f29bcc579df\"><div class=\"vc_column-inner\"><div class=\"wpb_wrapper\"   ><div class=\"wpb_wrapper-inner\"><style>.ld_fancy_heading_69f29bcc57ac2 h1{color:rgb(255, 205, 28);}.ld_fancy_heading_69f29bcc57ac2 .lqd-highlight-inner{height:0.275em;bottom:0px;}<\/style><div class=\"ld-fancy-heading text-center ld_fancy_heading_69f29bcc57ac2\">\n\t<h1 class=\"lqd-highlight-underline lqd-highlight-grow-left\" ><span class=\"ld-fh-txt\"> Nuestros desayunos est\u00e1n hechos de sabor y buen rollo en la ciudad de Alicante<\/span><\/h1><\/div><style>.ld_fancy_heading_69f29bcc57d80 p{font-size:20px;line-height:28px;color:rgb(255, 255, 255);}.ld_fancy_heading_69f29bcc57d80 .lqd-highlight-inner{height:0.275em;bottom:0px;}<\/style><div class=\"ld-fancy-heading text-center ld_fancy_heading_69f29bcc57d80\">\n\t<p class=\"lqd-highlight-underline lqd-highlight-grow-left\" ><span class=\"ld-fh-txt\"> En Alicante, las ma\u00f1anas comienzan mejor cuando se disfrutan en un lugar especial. La ciudad ofrece una variedad de opciones para desayunar, pero solo algunos rincones logran capturar la combinaci\u00f3n perfecta entre un ambiente acogedor, sabores aut\u00e9nticos y un toque \u00fanico. Si buscas empezar el d\u00eda con buen pie, aqu\u00ed encontrar\u00e1s una experiencia que no te dejar\u00e1 indiferente.<\/span><\/p><\/div><\/div><\/div><\/div><\/div><div class=\"wpb_column vc_column_container vc_col-sm-2 liquid-column-69f29bcc58025\"><div class=\"vc_column-inner\"><div class=\"wpb_wrapper\"   ><div class=\"wpb_wrapper-inner\"><\/div><\/div><\/div><\/div><\/div><\/div><\/section><section data-bg-image=\"url\" class=\"vc_row wpb_row vc_row-fluid vc_custom_1730719995057 row-contains-padding-top row-contains-padding-bottom liquid-row-shadowbox-69f29bcc58246 vc_row-has-fill vc_row-has-bg vc_column-gap-30 vc_row-o-content-middle vc_row-flex\"><div class=\"ld-container container\"><div class=\"row ld-row\"><div class=\"wpb_column vc_column_container vc_col-sm-2 liquid-column-69f29bcc584c3\"><div class=\"vc_column-inner\"><div class=\"wpb_wrapper\"   ><div class=\"wpb_wrapper-inner\"><\/div><\/div><\/div><\/div><div class=\"wpb_column vc_column_container vc_col-sm-8 text-center liquid-column-69f29bcc586cb\"><div class=\"vc_column-inner\"><div class=\"wpb_wrapper\"   ><div class=\"wpb_wrapper-inner\"><style>.ld_fancy_heading_69f29bcc587a5 p{font-size:20px;line-height:28px;color:rgb(0, 27, 63);}.ld_fancy_heading_69f29bcc587a5 .lqd-highlight-inner{height:0.275em;bottom:0px;}<\/style><div class=\"ld-fancy-heading text-left ld_fancy_heading_69f29bcc587a5\">\n\t<p class=\"lqd-highlight-underline lqd-highlight-grow-left\" ><span class=\"ld-fh-txt\"> <span style=\"font-size: 21px\"><strong>Sabol\u00e9 es el lugar ideal para desayunar en Alicante. Con una propuesta que mezcla la autenticidad de los sabores venezolanos y la calidez mediterr\u00e1nea, cada desayuno aqu\u00ed es una invitaci\u00f3n a disfrutar de algo especial.<\/strong><\/span><\/p>\n<p>&nbsp;<\/p>\n<p>En Sabol\u00e9, el desayuno es un momento para celebrar los sabores. Nuestra oferta incluye delicias como las empanadas artesanales de harina de ma\u00edz, rellenas de opciones tradicionales como ternera guisada, pollo desmechado o queso fresco latino, todas acompa\u00f1adas de nuestra inigualable salsa Sabol\u00e9.<\/p>\n<p>&nbsp;<\/p>\n<p>Si prefieres algo m\u00e1s cl\u00e1sico, nuestras tostadas son perfectas, desde las sencillas con aceite de oliva hasta las m\u00e1s completas con jam\u00f3n y queso. Y para quienes buscan algo m\u00e1s sustancioso, nuestros bocadillos, como el de ternera desmechada con queso manchego o el de pollo desmechado, son la elecci\u00f3n ideal.<\/p>\n<p>&nbsp;<\/p>\n<p>El caf\u00e9 que servimos, cuidadosamente seleccionado de Colombia y Brasil, complementa perfectamente cada bocado, mientras que nuestras opciones de t\u00e9s e infusiones son el acompa\u00f1amiento perfecto para quienes prefieren algo diferente.<\/p>\n<p>&nbsp;<\/p>\n<p>Ubicado en el coraz\u00f3n de Alicante, Sabol\u00e9 es mucho m\u00e1s que un restaurante para desayunar; es un lugar donde cada detalle est\u00e1 pensado para que inicies tu d\u00eda con energ\u00eda, rodeado de buena onda y un servicio c\u00e1lido que te har\u00e1 sentir como en casa.<\/p>\n<p>&nbsp;<\/p>\n<p>Ven a Sabol\u00e9 y descubre por qu\u00e9 nuestros desayunos se han convertido en una de las experiencias m\u00e1s buscadas en Alicante. Empieza tu d\u00eda de una manera diferente, en el lugar donde el sabor y la tradici\u00f3n se encuentran.<\/span><\/p><\/div><div class=\"vc_empty_space\"   style=\"height: 50px\"><span class=\"vc_empty_space_inner\"><\/span><\/div><style>.ld_button_69f29bcc58a18.btn-icon-solid .btn-icon{background:#001b3f;}.ld_button_69f29bcc58a18.btn-icon-circle.btn-icon-ripple .btn-icon:before{border-color:#001b3f;}.ld_button_69f29bcc58a18.btn-icon-solid:hover .btn-icon{background:#ffcd1c;}.ld_button_69f29bcc58a18{background-color:#001b3f;border-color:#001b3f;color:rgb(255, 255, 255);font-size:14px !important;font-weight:800 !important;letter-spacing:0.3em !important;}.ld_button_69f29bcc58a18:hover{background-color:#ffcd1c;border-color:#ffcd1c;color:rgb(255, 255, 255);}.ld_button_69f29bcc58a18 .btn-gradient-bg-hover{background:-webkit-linear-gradient(to right, #ffcd1c 0%, #ffcd1c 100%);background:linear-gradient(to right, #ffcd1c 0%, #ffcd1c 100%);}.ld_button_69f29bcc58a18 .btn-gradient-border defs stop:first-child{stop-color:#001b3f;}.ld_button_69f29bcc58a18 .btn-gradient-border defs stop:last-child{stop-color:#001b3f;}.ld_button_69f29bcc58a18:hover .btn-gradient-border defs stop:first-child{stop-color:#ffcd1c;}.ld_button_69f29bcc58a18:hover .btn-gradient-border defs stop:last-child{stop-color:#ffcd1c;}<\/style><a href=\"tel:+34600649858\" target=\"_blank\" class=\"btn btn-solid text-uppercase btn-lg semi-round btn-bordered border-thin ld_button_69f29bcc58a18\">\n\t<span>\n\t\t\n\t\t\t\t\t<span class=\"btn-txt\">Reserva tu mesa ahora<\/span>\n\t\t\t\n\t\t\t\t<\/span>\n<\/a>\n<\/div><\/div><\/div><\/div><div class=\"wpb_column vc_column_container vc_col-sm-2 liquid-column-69f29bcc5aacf\"><div class=\"vc_column-inner\"><div class=\"wpb_wrapper\"   ><div class=\"wpb_wrapper-inner\"><\/div><\/div><\/div><\/div><\/div><\/div><\/section><section id=\"carta\" data-bg-image=\"url\" class=\"vc_row wpb_row vc_row-fluid vc_custom_1730720312489 row-contains-padding-top row-contains-padding-bottom liquid-row-shadowbox-69f29bcc5accd vc_row-has-fill vc_row-has-bg vc_column-gap-30 vc_row-o-content-middle vc_row-flex\"><div class=\"ld-container container\"><div class=\"row ld-row\"><div class=\"wpb_column vc_column_container vc_col-sm-12 liquid-column-69f29bcc5af48\"><div class=\"vc_column-inner\"><div class=\"wpb_wrapper\"   ><div class=\"wpb_wrapper-inner\"><div class=\"vc_row wpb_row vc_inner vc_row-fluid liquid-row-shadowbox-69f29bcc5b10f\"><div class=\"wpb_column vc_column_container vc_col-sm-2 liquid-column-69f29bcc5b336\"><div class=\"vc_column-inner\"><div class=\"wpb_wrapper\"  ><div class=\"wpb_wrapper-inner\"><\/div><\/div><\/div><\/div><div class=\"wpb_column vc_column_container vc_col-sm-8 liquid-column-69f29bcc5b4e1\"><div class=\"vc_column-inner\"><div class=\"wpb_wrapper\"  ><div class=\"wpb_wrapper-inner\"><style>.ld_fancy_heading_69f29bcc5b57f h2{color:#001b3f;}.ld_fancy_heading_69f29bcc5b57f .lqd-highlight-inner{height:0.275em;bottom:0px;}<\/style><div class=\"ld-fancy-heading text-center ld_fancy_heading_69f29bcc5b57f\">\n\t<h2 class=\"lqd-highlight-underline lqd-highlight-grow-left\" ><span class=\"ld-fh-txt\"> Vous voulez d\u00e9couvrir ce que vous pourrez d\u00e9guster chez Sabol\u00e9?<\/span><\/h2><\/div><style>.ld_fancy_heading_69f29bcc5d508 h3{color:#ffcd1c;}.ld_fancy_heading_69f29bcc5d508 .lqd-highlight-inner{height:0.275em;bottom:0px;}<\/style><div class=\"ld-fancy-heading text-center ld_fancy_heading_69f29bcc5d508\">\n\t<h3 class=\"lqd-highlight-underline lqd-highlight-grow-left\" ><span class=\"ld-fh-txt\"> Acc\u00e9dez \u00e0 l'une de nos cartes:<\/span><\/h3><\/div><\/div><\/div><\/div><\/div><div class=\"wpb_column vc_column_container vc_col-sm-2 liquid-column-69f29bcc5f0cf\"><div class=\"vc_column-inner\"><div class=\"wpb_wrapper\"  ><div class=\"wpb_wrapper-inner\"><\/div><\/div><\/div><\/div><\/div><div class=\"vc_row wpb_row vc_inner vc_row-fluid vc_custom_1728744245740 liquid-row-shadowbox-69f29bcc5f21a vc_column-gap-20\"><div class=\"wpb_column vc_column_container vc_col-sm-3 liquid-column-69f29bcc5f423\"><div class=\"vc_column-inner\"><div class=\"wpb_wrapper\"  ><div class=\"wpb_wrapper-inner\"><div id=\"ld_content_box_69f29bcc5f51a\" class=\"fancy-box fancy-box-case-study scheme-light ld_content_box_69f29bcc5f51a\" data-hover3d=\"true\">\n\n\t<div class=\"fancy-box-contents border-radius-5\" data-stacking-factor=\"0.5\">\n\n\t\t<div class=\"cb-img-container border-radius-5\">\n\n\t\t\t<figure class=\"fancy-box-image border-radius-5\" style=\"background-image: url(https:\/\/sabole.es\/wp-content\/uploads\/2024\/10\/Sabole-Web-Carta-Comidas.jpg);\">\n\t\t\t\t<img loading=\"lazy\" decoding=\"async\" width=\"1080\" height=\"1350\" src=\"data:image\/svg+xml;charset=utf-8,&lt;svg xmlns%3D&#039;http%3A%2F%2Fwww.w3.org%2F2000%2Fsvg&#039; viewBox%3D&#039;0 0 1080 1350&#039;%2F&gt;\" class=\"invisible ld-lazyload\" alt=\"\" srcset=\"\" sizes=\"auto, (max-width: 1080px) 100vw, 1080px\" data-src=\"https:\/\/sabole.es\/wp-content\/uploads\/2024\/10\/Sabole-Web-Carta-Comidas.jpg\" data-srcset=\"https:\/\/sabole.es\/wp-content\/uploads\/2024\/10\/Sabole-Web-Carta-Comidas.jpg 1080w, https:\/\/sabole.es\/wp-content\/uploads\/2024\/10\/Sabole-Web-Carta-Comidas-240x300.jpg 240w, https:\/\/sabole.es\/wp-content\/uploads\/2024\/10\/Sabole-Web-Carta-Comidas-819x1024.jpg 819w, https:\/\/sabole.es\/wp-content\/uploads\/2024\/10\/Sabole-Web-Carta-Comidas-10x12.jpg 10w\" data-aspect=\"0.8\" \/>\t\t\t<\/figure>\n\n\t\t<\/div><!-- \/.cb-img-container -->\n\t\t<div class=\"fancy-box-header\">\n\t\t\t\n\t\t\t\t\t\t\t\t\t<h3>Carte des Plats<\/h3>\n\t\t<\/div><!-- \/.fancy-box-header -->\n\n\t<\/div><!-- \/.fancy-box-contents -->\n\n\t<a href=\"https:\/\/sabole.es\/fr\/carta\/\" title=\"Carte des Plats\" class=\"liquid-overlay-link\"><\/a>\n<\/div><!-- \/.fancy-box fancy-box-classes --><\/div><\/div><\/div><\/div><div class=\"wpb_column vc_column_container vc_col-sm-3 liquid-column-69f29bcc63195\"><div class=\"vc_column-inner\"><div class=\"wpb_wrapper\"  ><div class=\"wpb_wrapper-inner\"><div id=\"ld_content_box_69f29bcc63257\" class=\"fancy-box fancy-box-case-study scheme-light ld_content_box_69f29bcc63257\" data-hover3d=\"true\">\n\n\t<div class=\"fancy-box-contents border-radius-5\" data-stacking-factor=\"0.5\">\n\n\t\t<div class=\"cb-img-container border-radius-5\">\n\n\t\t\t<figure class=\"fancy-box-image border-radius-5\" style=\"background-image: url(https:\/\/sabole.es\/wp-content\/uploads\/2024\/10\/Sabole-Web-Carta-Postres.jpg);\">\n\t\t\t\t<img loading=\"lazy\" decoding=\"async\" width=\"1080\" height=\"1350\" src=\"data:image\/svg+xml;charset=utf-8,&lt;svg xmlns%3D&#039;http%3A%2F%2Fwww.w3.org%2F2000%2Fsvg&#039; viewBox%3D&#039;0 0 1080 1350&#039;%2F&gt;\" class=\"invisible ld-lazyload\" alt=\"\" srcset=\"\" sizes=\"auto, (max-width: 1080px) 100vw, 1080px\" data-src=\"https:\/\/sabole.es\/wp-content\/uploads\/2024\/10\/Sabole-Web-Carta-Postres.jpg\" data-srcset=\"https:\/\/sabole.es\/wp-content\/uploads\/2024\/10\/Sabole-Web-Carta-Postres.jpg 1080w, https:\/\/sabole.es\/wp-content\/uploads\/2024\/10\/Sabole-Web-Carta-Postres-240x300.jpg 240w, https:\/\/sabole.es\/wp-content\/uploads\/2024\/10\/Sabole-Web-Carta-Postres-819x1024.jpg 819w, https:\/\/sabole.es\/wp-content\/uploads\/2024\/10\/Sabole-Web-Carta-Postres-10x12.jpg 10w\" data-aspect=\"0.8\" \/>\t\t\t<\/figure>\n\n\t\t<\/div><!-- \/.cb-img-container -->\n\t\t<div class=\"fancy-box-header\">\n\t\t\t\n\t\t\t\t\t\t\t\t\t<h3>Carte des Desserts<\/h3>\n\t\t<\/div><!-- \/.fancy-box-header -->\n\n\t<\/div><!-- \/.fancy-box-contents -->\n\n\t<a href=\"https:\/\/sabole.es\/fr\/carta-de-postres\/\" title=\"Carte des Desserts\" class=\"liquid-overlay-link\"><\/a>\n<\/div><!-- \/.fancy-box fancy-box-classes --><\/div><\/div><\/div><\/div><div class=\"wpb_column vc_column_container vc_col-sm-3 liquid-column-69f29bcc676f9\"><div class=\"vc_column-inner\"><div class=\"wpb_wrapper\"  ><div class=\"wpb_wrapper-inner\"><div id=\"ld_content_box_69f29bcc677e5\" class=\"fancy-box fancy-box-case-study scheme-light ld_content_box_69f29bcc677e5\" data-hover3d=\"true\">\n\n\t<div class=\"fancy-box-contents border-radius-5\" data-stacking-factor=\"0.5\">\n\n\t\t<div class=\"cb-img-container border-radius-5\">\n\n\t\t\t<figure class=\"fancy-box-image border-radius-5\" style=\"background-image: url(https:\/\/sabole.es\/wp-content\/uploads\/2024\/10\/Sabole-Web-Carta-Bebidas.jpg);\">\n\t\t\t\t<img loading=\"lazy\" decoding=\"async\" width=\"1080\" height=\"1350\" src=\"data:image\/svg+xml;charset=utf-8,&lt;svg xmlns%3D&#039;http%3A%2F%2Fwww.w3.org%2F2000%2Fsvg&#039; viewBox%3D&#039;0 0 1080 1350&#039;%2F&gt;\" class=\"invisible ld-lazyload\" alt=\"\" srcset=\"\" sizes=\"auto, (max-width: 1080px) 100vw, 1080px\" data-src=\"https:\/\/sabole.es\/wp-content\/uploads\/2024\/10\/Sabole-Web-Carta-Bebidas.jpg\" data-srcset=\"https:\/\/sabole.es\/wp-content\/uploads\/2024\/10\/Sabole-Web-Carta-Bebidas.jpg 1080w, https:\/\/sabole.es\/wp-content\/uploads\/2024\/10\/Sabole-Web-Carta-Bebidas-240x300.jpg 240w, https:\/\/sabole.es\/wp-content\/uploads\/2024\/10\/Sabole-Web-Carta-Bebidas-819x1024.jpg 819w, https:\/\/sabole.es\/wp-content\/uploads\/2024\/10\/Sabole-Web-Carta-Bebidas-10x12.jpg 10w\" data-aspect=\"0.8\" \/>\t\t\t<\/figure>\n\n\t\t<\/div><!-- \/.cb-img-container -->\n\t\t<div class=\"fancy-box-header\">\n\t\t\t\n\t\t\t\t\t\t\t\t\t<h3>Carte des Boissons<\/h3>\n\t\t<\/div><!-- \/.fancy-box-header -->\n\n\t<\/div><!-- \/.fancy-box-contents -->\n\n\t<a href=\"https:\/\/sabole.es\/fr\/carta-de-bebidas\/\" title=\"Carte des Boissons\" class=\"liquid-overlay-link\"><\/a>\n<\/div><!-- \/.fancy-box fancy-box-classes --><\/div><\/div><\/div><\/div><div class=\"wpb_column vc_column_container vc_col-sm-3 liquid-column-69f29bcc6a309\"><div class=\"vc_column-inner\"><div class=\"wpb_wrapper\"  ><div class=\"wpb_wrapper-inner\"><div id=\"ld_content_box_69f29bcc6a3ec\" class=\"fancy-box fancy-box-case-study scheme-light ld_content_box_69f29bcc6a3ec\" data-hover3d=\"true\">\n\n\t<div class=\"fancy-box-contents border-radius-5\" data-stacking-factor=\"0.5\">\n\n\t\t<div class=\"cb-img-container border-radius-5\">\n\n\t\t\t<figure class=\"fancy-box-image border-radius-5\" style=\"background-image: url(https:\/\/sabole.es\/wp-content\/uploads\/2024\/10\/Sabole-Web-Carta-Desayunos.jpg);\">\n\t\t\t\t<img loading=\"lazy\" decoding=\"async\" width=\"1080\" height=\"1350\" src=\"data:image\/svg+xml;charset=utf-8,&lt;svg xmlns%3D&#039;http%3A%2F%2Fwww.w3.org%2F2000%2Fsvg&#039; viewBox%3D&#039;0 0 1080 1350&#039;%2F&gt;\" class=\"invisible ld-lazyload\" alt=\"\" srcset=\"\" sizes=\"auto, (max-width: 1080px) 100vw, 1080px\" data-src=\"https:\/\/sabole.es\/wp-content\/uploads\/2024\/10\/Sabole-Web-Carta-Desayunos.jpg\" data-srcset=\"https:\/\/sabole.es\/wp-content\/uploads\/2024\/10\/Sabole-Web-Carta-Desayunos.jpg 1080w, https:\/\/sabole.es\/wp-content\/uploads\/2024\/10\/Sabole-Web-Carta-Desayunos-240x300.jpg 240w, https:\/\/sabole.es\/wp-content\/uploads\/2024\/10\/Sabole-Web-Carta-Desayunos-819x1024.jpg 819w, https:\/\/sabole.es\/wp-content\/uploads\/2024\/10\/Sabole-Web-Carta-Desayunos-10x12.jpg 10w\" data-aspect=\"0.8\" \/>\t\t\t<\/figure>\n\n\t\t<\/div><!-- \/.cb-img-container -->\n\t\t<div class=\"fancy-box-header\">\n\t\t\t\n\t\t\t\t\t\t\t\t\t<h3>Carte des Petits D\u00e9jeuners<\/h3>\n\t\t<\/div><!-- \/.fancy-box-header -->\n\n\t<\/div><!-- \/.fancy-box-contents -->\n\n\t<a href=\"https:\/\/sabole.es\/fr\/carta-de-desayunos\/\" title=\"Carte des Petits D\u00e9jeuners\" class=\"liquid-overlay-link\"><\/a>\n<\/div><!-- \/.fancy-box fancy-box-classes --><\/div><\/div><\/div><\/div><\/div><\/div><\/div><\/div><\/div><\/div><\/div><\/section>\n<\/div>","protected":false},"excerpt":{"rendered":"Nuestros desayunos est\u00e1n hechos de sabor y buen rollo en la ciudad de Alicante En...","protected":false},"author":1,"featured_media":0,"parent":0,"menu_order":0,"comment_status":"closed","ping_status":"closed","template":"","meta":{"footnotes":""},"class_list":["post-526","page","type-page","status-publish","hentry"],"yoast_head":"<!-- This site is optimized with the Yoast SEO plugin v24.5 - https:\/\/yoast.com\/wordpress\/plugins\/seo\/ -->\n<title>Restaurante para desayunar en Alicante - Sabol\u00e9<\/title>\n<meta name=\"description\" content=\"Empieza tu d\u00eda en Sabol\u00e9, el restaurante para desayunar en Alicante. Disfruta de empanadas, tostadas, caf\u00e9 seleccionado y sabores aut\u00e9nticos en un ambiente acogedor. \u00a1Descubre desayunos llenos de tradici\u00f3n y energ\u00eda!\" \/>\n<meta name=\"robots\" content=\"index, follow, max-snippet:-1, max-image-preview:large, max-video-preview:-1\" \/>\n<link rel=\"canonical\" href=\"https:\/\/sabole.es\/fr\/restaurante-para-desayuno-brunch-y-almuerzo-en-alicante\/\" \/>\n<meta property=\"og:locale\" content=\"fr_FR\" \/>\n<meta property=\"og:type\" content=\"article\" \/>\n<meta property=\"og:title\" content=\"Restaurante para desayunar en Alicante - Sabol\u00e9\" \/>\n<meta property=\"og:description\" content=\"Empieza tu d\u00eda en Sabol\u00e9, el restaurante para desayunar en Alicante. Disfruta de empanadas, tostadas, caf\u00e9 seleccionado y sabores aut\u00e9nticos en un ambiente acogedor. \u00a1Descubre desayunos llenos de tradici\u00f3n y energ\u00eda!\" \/>\n<meta property=\"og:url\" content=\"https:\/\/sabole.es\/fr\/restaurante-para-desayuno-brunch-y-almuerzo-en-alicante\/\" \/>\n<meta property=\"og:site_name\" content=\"Sabol\u00e9\" \/>\n<meta property=\"article:publisher\" content=\"https:\/\/www.instagram.com\/sabole.alicante\/\" \/>\n<meta property=\"article:modified_time\" content=\"2026-02-05T11:57:24+00:00\" \/>\n<meta name=\"twitter:card\" content=\"summary_large_image\" \/>\n<meta name=\"twitter:label1\" content=\"Dur\u00e9e de lecture estim\u00e9e\" \/>\n\t<meta name=\"twitter:data1\" content=\"3 minutes\" \/>\n<script type=\"application\/ld+json\" class=\"yoast-schema-graph\">{\"@context\":\"https:\/\/schema.org\",\"@graph\":[{\"@type\":\"WebPage\",\"@id\":\"https:\/\/sabole.es\/restaurante-para-desayuno-brunch-y-almuerzo-en-alicante\/\",\"url\":\"https:\/\/sabole.es\/restaurante-para-desayuno-brunch-y-almuerzo-en-alicante\/\",\"name\":\"Restaurante para desayunar en Alicante - Sabol\u00e9\",\"isPartOf\":{\"@id\":\"https:\/\/sabole.es\/#website\"},\"datePublished\":\"2024-11-08T12:30:31+00:00\",\"dateModified\":\"2026-02-05T11:57:24+00:00\",\"description\":\"Empieza tu d\u00eda en Sabol\u00e9, el restaurante para desayunar en Alicante. Disfruta de empanadas, tostadas, caf\u00e9 seleccionado y sabores aut\u00e9nticos en un ambiente acogedor. \u00a1Descubre desayunos llenos de tradici\u00f3n y energ\u00eda!\",\"breadcrumb\":{\"@id\":\"https:\/\/sabole.es\/restaurante-para-desayuno-brunch-y-almuerzo-en-alicante\/#breadcrumb\"},\"inLanguage\":\"fr-FR\",\"potentialAction\":[{\"@type\":\"ReadAction\",\"target\":[\"https:\/\/sabole.es\/restaurante-para-desayuno-brunch-y-almuerzo-en-alicante\/\"]}]},{\"@type\":\"BreadcrumbList\",\"@id\":\"https:\/\/sabole.es\/restaurante-para-desayuno-brunch-y-almuerzo-en-alicante\/#breadcrumb\",\"itemListElement\":[{\"@type\":\"ListItem\",\"position\":1,\"name\":\"Portada\",\"item\":\"https:\/\/sabole.es\/\"},{\"@type\":\"ListItem\",\"position\":2,\"name\":\"Restaurante para desayunar en Alicante\"}]},{\"@type\":\"WebSite\",\"@id\":\"https:\/\/sabole.es\/#website\",\"url\":\"https:\/\/sabole.es\/\",\"name\":\"Sabol\u00e9\",\"description\":\"Restaurante venezolano en Alicante\",\"publisher\":{\"@id\":\"https:\/\/sabole.es\/#organization\"},\"potentialAction\":[{\"@type\":\"SearchAction\",\"target\":{\"@type\":\"EntryPoint\",\"urlTemplate\":\"https:\/\/sabole.es\/?s={search_term_string}\"},\"query-input\":{\"@type\":\"PropertyValueSpecification\",\"valueRequired\":true,\"valueName\":\"search_term_string\"}}],\"inLanguage\":\"fr-FR\"},{\"@type\":\"Organization\",\"@id\":\"https:\/\/sabole.es\/#organization\",\"name\":\"Sabol\u00e9\",\"url\":\"https:\/\/sabole.es\/\",\"logo\":{\"@type\":\"ImageObject\",\"inLanguage\":\"fr-FR\",\"@id\":\"https:\/\/sabole.es\/#\/schema\/logo\/image\/\",\"url\":\"https:\/\/sabole.es\/wp-content\/uploads\/2024\/10\/Sabole-Web-LogoSabole-Yellow.svg\",\"contentUrl\":\"https:\/\/sabole.es\/wp-content\/uploads\/2024\/10\/Sabole-Web-LogoSabole-Yellow.svg\",\"width\":1,\"height\":1,\"caption\":\"Sabol\u00e9\"},\"image\":{\"@id\":\"https:\/\/sabole.es\/#\/schema\/logo\/image\/\"},\"sameAs\":[\"https:\/\/www.instagram.com\/sabole.alicante\/\"]}]}<\/script>\n<!-- \/ Yoast SEO plugin. -->","yoast_head_json":{"title":"Restaurante para desayunar en Alicante - Sabol\u00e9","description":"Empieza tu d\u00eda en Sabol\u00e9, el restaurante para desayunar en Alicante. Disfruta de empanadas, tostadas, caf\u00e9 seleccionado y sabores aut\u00e9nticos en un ambiente acogedor. \u00a1Descubre desayunos llenos de tradici\u00f3n y energ\u00eda!","robots":{"index":"index","follow":"follow","max-snippet":"max-snippet:-1","max-image-preview":"max-image-preview:large","max-video-preview":"max-video-preview:-1"},"canonical":"https:\/\/sabole.es\/fr\/restaurante-para-desayuno-brunch-y-almuerzo-en-alicante\/","og_locale":"fr_FR","og_type":"article","og_title":"Restaurante para desayunar en Alicante - Sabol\u00e9","og_description":"Empieza tu d\u00eda en Sabol\u00e9, el restaurante para desayunar en Alicante. Disfruta de empanadas, tostadas, caf\u00e9 seleccionado y sabores aut\u00e9nticos en un ambiente acogedor. \u00a1Descubre desayunos llenos de tradici\u00f3n y energ\u00eda!","og_url":"https:\/\/sabole.es\/fr\/restaurante-para-desayuno-brunch-y-almuerzo-en-alicante\/","og_site_name":"Sabol\u00e9","article_publisher":"https:\/\/www.instagram.com\/sabole.alicante\/","article_modified_time":"2026-02-05T11:57:24+00:00","twitter_card":"summary_large_image","twitter_misc":{"Dur\u00e9e de lecture estim\u00e9e":"3 minutes"},"schema":{"@context":"https:\/\/schema.org","@graph":[{"@type":"WebPage","@id":"https:\/\/sabole.es\/restaurante-para-desayuno-brunch-y-almuerzo-en-alicante\/","url":"https:\/\/sabole.es\/restaurante-para-desayuno-brunch-y-almuerzo-en-alicante\/","name":"Restaurante para desayunar en Alicante - Sabol\u00e9","isPartOf":{"@id":"https:\/\/sabole.es\/#website"},"datePublished":"2024-11-08T12:30:31+00:00","dateModified":"2026-02-05T11:57:24+00:00","description":"Empieza tu d\u00eda en Sabol\u00e9, el restaurante para desayunar en Alicante. Disfruta de empanadas, tostadas, caf\u00e9 seleccionado y sabores aut\u00e9nticos en un ambiente acogedor. \u00a1Descubre desayunos llenos de tradici\u00f3n y energ\u00eda!","breadcrumb":{"@id":"https:\/\/sabole.es\/restaurante-para-desayuno-brunch-y-almuerzo-en-alicante\/#breadcrumb"},"inLanguage":"fr-FR","potentialAction":[{"@type":"ReadAction","target":["https:\/\/sabole.es\/restaurante-para-desayuno-brunch-y-almuerzo-en-alicante\/"]}]},{"@type":"BreadcrumbList","@id":"https:\/\/sabole.es\/restaurante-para-desayuno-brunch-y-almuerzo-en-alicante\/#breadcrumb","itemListElement":[{"@type":"ListItem","position":1,"name":"Portada","item":"https:\/\/sabole.es\/"},{"@type":"ListItem","position":2,"name":"Restaurante para desayunar en Alicante"}]},{"@type":"WebSite","@id":"https:\/\/sabole.es\/#website","url":"https:\/\/sabole.es\/","name":"Sabol\u00e9","description":"Restaurante venezolano en Alicante","publisher":{"@id":"https:\/\/sabole.es\/#organization"},"potentialAction":[{"@type":"SearchAction","target":{"@type":"EntryPoint","urlTemplate":"https:\/\/sabole.es\/?s={search_term_string}"},"query-input":{"@type":"PropertyValueSpecification","valueRequired":true,"valueName":"search_term_string"}}],"inLanguage":"fr-FR"},{"@type":"Organization","@id":"https:\/\/sabole.es\/#organization","name":"Sabol\u00e9","url":"https:\/\/sabole.es\/","logo":{"@type":"ImageObject","inLanguage":"fr-FR","@id":"https:\/\/sabole.es\/#\/schema\/logo\/image\/","url":"https:\/\/sabole.es\/wp-content\/uploads\/2024\/10\/Sabole-Web-LogoSabole-Yellow.svg","contentUrl":"https:\/\/sabole.es\/wp-content\/uploads\/2024\/10\/Sabole-Web-LogoSabole-Yellow.svg","width":1,"height":1,"caption":"Sabol\u00e9"},"image":{"@id":"https:\/\/sabole.es\/#\/schema\/logo\/image\/"},"sameAs":["https:\/\/www.instagram.com\/sabole.alicante\/"]}]}},"_links":{"self":[{"href":"https:\/\/sabole.es\/fr\/wp-json\/wp\/v2\/pages\/526","targetHints":{"allow":["GET"]}}],"collection":[{"href":"https:\/\/sabole.es\/fr\/wp-json\/wp\/v2\/pages"}],"about":[{"href":"https:\/\/sabole.es\/fr\/wp-json\/wp\/v2\/types\/page"}],"author":[{"embeddable":true,"href":"https:\/\/sabole.es\/fr\/wp-json\/wp\/v2\/users\/1"}],"replies":[{"embeddable":true,"href":"https:\/\/sabole.es\/fr\/wp-json\/wp\/v2\/comments?post=526"}],"version-history":[{"count":5,"href":"https:\/\/sabole.es\/fr\/wp-json\/wp\/v2\/pages\/526\/revisions"}],"predecessor-version":[{"id":907,"href":"https:\/\/sabole.es\/fr\/wp-json\/wp\/v2\/pages\/526\/revisions\/907"}],"wp:attachment":[{"href":"https:\/\/sabole.es\/fr\/wp-json\/wp\/v2\/media?parent=526"}],"curies":[{"name":"wp","href":"https:\/\/api.w.org\/{rel}","templated":true}]}}