{"id":494,"date":"2024-11-04T12:30:47","date_gmt":"2024-11-04T11:30:47","guid":{"rendered":"https:\/\/sabole.es\/?page_id=494"},"modified":"2026-02-05T12:58:57","modified_gmt":"2026-02-05T11:58:57","slug":"donde-comer-en-alicante","status":"publish","type":"page","link":"https:\/\/sabole.es\/fr\/donde-comer-en-alicante\/","title":{"rendered":"D\u00f3nde comer en Alicante"},"content":{"rendered":"<div class=\"wpb-content-wrapper\"><section data-bg-image=\"url\" class=\"vc_row wpb_row vc_row-fluid vc_custom_1770292734527 row-contains-padding-top row-contains-padding-bottom liquid-row-shadowbox-69f2b682e1b8b vc_row-has-fill vc_row-has-bg vc_column-gap-30 vc_row-o-content-middle vc_row-flex\"><div class=\"liquid-row-overlay\" style=\"background:rgba(0, 0, 0, 0.7)\"><\/div><div class=\"ld-container container\"><div class=\"row ld-row\"><div class=\"wpb_column vc_column_container vc_col-sm-2 liquid-column-69f2b682e211e\"><div class=\"vc_column-inner\"><div class=\"wpb_wrapper\"   ><div class=\"wpb_wrapper-inner\"><\/div><\/div><\/div><\/div><div class=\"wpb_column vc_column_container vc_col-sm-8 text-center liquid-column-69f2b682e2369\"><div class=\"vc_column-inner\"><div class=\"wpb_wrapper\"   ><div class=\"wpb_wrapper-inner\"><style>.ld_fancy_heading_69f2b682e244f h1{color:rgb(255, 205, 28);}.ld_fancy_heading_69f2b682e244f .lqd-highlight-inner{height:0.275em;bottom:0px;}<\/style><div class=\"ld-fancy-heading text-center ld_fancy_heading_69f2b682e244f\">\n\t<h1 class=\"lqd-highlight-underline lqd-highlight-grow-left\" ><span class=\"ld-fh-txt\"> D\u00f3nde comer en Alicante<\/span><\/h1><\/div><style>.ld_fancy_heading_69f2b682e4074 p{font-size:20px;line-height:28px;color:rgb(255, 255, 255);}.ld_fancy_heading_69f2b682e4074 .lqd-highlight-inner{height:0.275em;bottom:0px;}<\/style><div class=\"ld-fancy-heading text-center ld_fancy_heading_69f2b682e4074\">\n\t<p class=\"lqd-highlight-underline lqd-highlight-grow-left\" ><span class=\"ld-fh-txt\"> En Alicante, la riqueza cultural y gastron\u00f3mica se refleja en cada rinc\u00f3n. Si est\u00e1s buscando un lugar donde la tradici\u00f3n y el sabor aut\u00e9ntico se encuentren, aqu\u00ed descubrir\u00e1s una propuesta que te llevar\u00e1 de viaje a trav\u00e9s de los sentidos.<\/span><\/p><\/div><\/div><\/div><\/div><\/div><div class=\"wpb_column vc_column_container vc_col-sm-2 liquid-column-69f2b682e55d4\"><div class=\"vc_column-inner\"><div class=\"wpb_wrapper\"   ><div class=\"wpb_wrapper-inner\"><\/div><\/div><\/div><\/div><\/div><\/div><\/section><section data-bg-image=\"url\" class=\"vc_row wpb_row vc_row-fluid vc_custom_1730719995057 row-contains-padding-top row-contains-padding-bottom liquid-row-shadowbox-69f2b682e57d6 vc_row-has-fill vc_row-has-bg vc_column-gap-30 vc_row-o-content-middle vc_row-flex\"><div class=\"ld-container container\"><div class=\"row ld-row\"><div class=\"wpb_column vc_column_container vc_col-sm-2 liquid-column-69f2b682e5a57\"><div class=\"vc_column-inner\"><div class=\"wpb_wrapper\"   ><div class=\"wpb_wrapper-inner\"><\/div><\/div><\/div><\/div><div class=\"wpb_column vc_column_container vc_col-sm-8 text-center liquid-column-69f2b682e5c5b\"><div class=\"vc_column-inner\"><div class=\"wpb_wrapper\"   ><div class=\"wpb_wrapper-inner\"><style>.ld_fancy_heading_69f2b682e5d39 p{font-size:20px;line-height:28px;color:rgb(0, 27, 63);}.ld_fancy_heading_69f2b682e5d39 .lqd-highlight-inner{height:0.275em;bottom:0px;}<\/style><div class=\"ld-fancy-heading text-left ld_fancy_heading_69f2b682e5d39\">\n\t<p class=\"lqd-highlight-underline lqd-highlight-grow-left\" ><span class=\"ld-fh-txt\"> <span style=\"font-size: 21px\"><strong>Sabol\u00e9 es mucho m\u00e1s que un restaurante; es un rinc\u00f3n lleno de sabor y buen rollo en el coraz\u00f3n de Alicante. Si est\u00e1s buscando d\u00f3nde comer en esta ciudad y vivir una experiencia gastron\u00f3mica diferente, aqu\u00ed encontrar\u00e1s la calidez de un lugar que te recibe con los brazos abiertos.<\/strong><\/span><\/p>\n<p>&nbsp;<\/p>\n<p>Cada plato en Sabol\u00e9 es una muestra de nuestra herencia venezolana, desde la famosa arepa, crujiente por fuera y jugosa por dentro, rellena de carne, queso o pollo, hasta la suave cachapa de ma\u00edz dulce, perfecta con queso de mano para un contraste de sabores inolvidable. Y, por supuesto, los teque\u00f1os, crujientes palitos de queso que enamoran al primer bocado.<\/p>\n<p>&nbsp;<\/p>\n<p>Adem\u00e1s, nuestras bebidas naturales, hechas con frutas de temporada, te dar\u00e1n el toque refrescante que necesit\u00e1s para cualquier momento del d\u00eda. Ven a Sabol\u00e9 y d\u00e9jate sorprender por una explosi\u00f3n de sabores aut\u00e9nticos, en un ambiente donde te sentir\u00e1s como en casa, atendido por sus due\u00f1os, quienes comparten su pasi\u00f3n por la gastronom\u00eda y el buen rollo en cada detalle.<\/p>\n<p>&nbsp;<\/p>\n<p>Disfruta de la cocina venezolana en Alicante y crea momentos inolvidables con los tuyos en Sabol\u00e9, el lugar donde comer es un verdadero placer.<\/span><\/p><\/div><div class=\"vc_empty_space\"   style=\"height: 50px\"><span class=\"vc_empty_space_inner\"><\/span><\/div><style>.ld_button_69f2b682e63c0.btn-icon-solid .btn-icon{background:#001b3f;}.ld_button_69f2b682e63c0.btn-icon-circle.btn-icon-ripple .btn-icon:before{border-color:#001b3f;}.ld_button_69f2b682e63c0.btn-icon-solid:hover .btn-icon{background:#ffcd1c;}.ld_button_69f2b682e63c0{background-color:#001b3f;border-color:#001b3f;color:rgb(255, 255, 255);font-size:14px !important;font-weight:800 !important;letter-spacing:0.3em !important;}.ld_button_69f2b682e63c0:hover{background-color:#ffcd1c;border-color:#ffcd1c;color:rgb(255, 255, 255);}.ld_button_69f2b682e63c0 .btn-gradient-bg-hover{background:-webkit-linear-gradient(to right, #ffcd1c 0%, #ffcd1c 100%);background:linear-gradient(to right, #ffcd1c 0%, #ffcd1c 100%);}.ld_button_69f2b682e63c0 .btn-gradient-border defs stop:first-child{stop-color:#001b3f;}.ld_button_69f2b682e63c0 .btn-gradient-border defs stop:last-child{stop-color:#001b3f;}.ld_button_69f2b682e63c0:hover .btn-gradient-border defs stop:first-child{stop-color:#ffcd1c;}.ld_button_69f2b682e63c0:hover .btn-gradient-border defs stop:last-child{stop-color:#ffcd1c;}<\/style><a href=\"tel:+34600649858\" target=\"_blank\" class=\"btn btn-solid text-uppercase btn-lg semi-round btn-bordered border-thin ld_button_69f2b682e63c0\">\n\t<span>\n\t\t\n\t\t\t\t\t<span class=\"btn-txt\">Reserva tu mesa ahora<\/span>\n\t\t\t\n\t\t\t\t<\/span>\n<\/a>\n<\/div><\/div><\/div><\/div><div class=\"wpb_column vc_column_container vc_col-sm-2 liquid-column-69f2b682e7522\"><div class=\"vc_column-inner\"><div class=\"wpb_wrapper\"   ><div class=\"wpb_wrapper-inner\"><\/div><\/div><\/div><\/div><\/div><\/div><\/section><section id=\"carta\" data-bg-image=\"url\" class=\"vc_row wpb_row vc_row-fluid vc_custom_1730720312489 row-contains-padding-top row-contains-padding-bottom liquid-row-shadowbox-69f2b682e7717 vc_row-has-fill vc_row-has-bg vc_column-gap-30 vc_row-o-content-middle vc_row-flex\"><div class=\"ld-container container\"><div class=\"row ld-row\"><div class=\"wpb_column vc_column_container vc_col-sm-12 liquid-column-69f2b682e7991\"><div class=\"vc_column-inner\"><div class=\"wpb_wrapper\"   ><div class=\"wpb_wrapper-inner\"><div class=\"vc_row wpb_row vc_inner vc_row-fluid liquid-row-shadowbox-69f2b682e7b4d\"><div class=\"wpb_column vc_column_container vc_col-sm-2 liquid-column-69f2b682e7d7f\"><div class=\"vc_column-inner\"><div class=\"wpb_wrapper\"  ><div class=\"wpb_wrapper-inner\"><\/div><\/div><\/div><\/div><div class=\"wpb_column vc_column_container vc_col-sm-8 liquid-column-69f2b682e7f1e\"><div class=\"vc_column-inner\"><div class=\"wpb_wrapper\"  ><div class=\"wpb_wrapper-inner\"><style>.ld_fancy_heading_69f2b682e7fbe h2{color:#001b3f;}.ld_fancy_heading_69f2b682e7fbe .lqd-highlight-inner{height:0.275em;bottom:0px;}<\/style><div class=\"ld-fancy-heading text-center ld_fancy_heading_69f2b682e7fbe\">\n\t<h2 class=\"lqd-highlight-underline lqd-highlight-grow-left\" ><span class=\"ld-fh-txt\"> Vous voulez d\u00e9couvrir ce que vous pourrez d\u00e9guster chez Sabol\u00e9?<\/span><\/h2><\/div><style>.ld_fancy_heading_69f2b682e97c2 h3{color:#ffcd1c;}.ld_fancy_heading_69f2b682e97c2 .lqd-highlight-inner{height:0.275em;bottom:0px;}<\/style><div class=\"ld-fancy-heading text-center ld_fancy_heading_69f2b682e97c2\">\n\t<h3 class=\"lqd-highlight-underline lqd-highlight-grow-left\" ><span class=\"ld-fh-txt\"> Acc\u00e9dez \u00e0 l'une de nos cartes:<\/span><\/h3><\/div><\/div><\/div><\/div><\/div><div class=\"wpb_column vc_column_container vc_col-sm-2 liquid-column-69f2b682eaeed\"><div class=\"vc_column-inner\"><div class=\"wpb_wrapper\"  ><div class=\"wpb_wrapper-inner\"><\/div><\/div><\/div><\/div><\/div><div class=\"vc_row wpb_row vc_inner vc_row-fluid vc_custom_1728744245740 liquid-row-shadowbox-69f2b682eb042 vc_column-gap-20\"><div class=\"wpb_column vc_column_container vc_col-sm-3 liquid-column-69f2b682eb24f\"><div class=\"vc_column-inner\"><div class=\"wpb_wrapper\"  ><div class=\"wpb_wrapper-inner\"><div id=\"ld_content_box_69f2b682eb348\" class=\"fancy-box fancy-box-case-study scheme-light ld_content_box_69f2b682eb348\" data-hover3d=\"true\">\n\n\t<div class=\"fancy-box-contents border-radius-5\" data-stacking-factor=\"0.5\">\n\n\t\t<div class=\"cb-img-container border-radius-5\">\n\n\t\t\t<figure class=\"fancy-box-image border-radius-5\" style=\"background-image: url(https:\/\/sabole.es\/wp-content\/uploads\/2024\/10\/Sabole-Web-Carta-Comidas.jpg);\">\n\t\t\t\t<img loading=\"lazy\" decoding=\"async\" width=\"1080\" height=\"1350\" src=\"data:image\/svg+xml;charset=utf-8,&lt;svg xmlns%3D&#039;http%3A%2F%2Fwww.w3.org%2F2000%2Fsvg&#039; viewBox%3D&#039;0 0 1080 1350&#039;%2F&gt;\" class=\"invisible ld-lazyload\" alt=\"\" srcset=\"\" sizes=\"auto, (max-width: 1080px) 100vw, 1080px\" data-src=\"https:\/\/sabole.es\/wp-content\/uploads\/2024\/10\/Sabole-Web-Carta-Comidas.jpg\" data-srcset=\"https:\/\/sabole.es\/wp-content\/uploads\/2024\/10\/Sabole-Web-Carta-Comidas.jpg 1080w, https:\/\/sabole.es\/wp-content\/uploads\/2024\/10\/Sabole-Web-Carta-Comidas-240x300.jpg 240w, https:\/\/sabole.es\/wp-content\/uploads\/2024\/10\/Sabole-Web-Carta-Comidas-819x1024.jpg 819w, https:\/\/sabole.es\/wp-content\/uploads\/2024\/10\/Sabole-Web-Carta-Comidas-10x12.jpg 10w\" data-aspect=\"0.8\" \/>\t\t\t<\/figure>\n\n\t\t<\/div><!-- \/.cb-img-container -->\n\t\t<div class=\"fancy-box-header\">\n\t\t\t\n\t\t\t\t\t\t\t\t\t<h3>Carte des Plats<\/h3>\n\t\t<\/div><!-- \/.fancy-box-header -->\n\n\t<\/div><!-- \/.fancy-box-contents -->\n\n\t<a href=\"https:\/\/sabole.es\/fr\/carta\/\" title=\"Carte des Plats\" class=\"liquid-overlay-link\"><\/a>\n<\/div><!-- \/.fancy-box fancy-box-classes --><\/div><\/div><\/div><\/div><div class=\"wpb_column vc_column_container vc_col-sm-3 liquid-column-69f2b682ef961\"><div class=\"vc_column-inner\"><div class=\"wpb_wrapper\"  ><div class=\"wpb_wrapper-inner\"><div id=\"ld_content_box_69f2b682efa27\" class=\"fancy-box fancy-box-case-study scheme-light ld_content_box_69f2b682efa27\" data-hover3d=\"true\">\n\n\t<div class=\"fancy-box-contents border-radius-5\" data-stacking-factor=\"0.5\">\n\n\t\t<div class=\"cb-img-container border-radius-5\">\n\n\t\t\t<figure class=\"fancy-box-image border-radius-5\" style=\"background-image: url(https:\/\/sabole.es\/wp-content\/uploads\/2024\/10\/Sabole-Web-Carta-Postres.jpg);\">\n\t\t\t\t<img loading=\"lazy\" decoding=\"async\" width=\"1080\" height=\"1350\" src=\"data:image\/svg+xml;charset=utf-8,&lt;svg xmlns%3D&#039;http%3A%2F%2Fwww.w3.org%2F2000%2Fsvg&#039; viewBox%3D&#039;0 0 1080 1350&#039;%2F&gt;\" class=\"invisible ld-lazyload\" alt=\"\" srcset=\"\" sizes=\"auto, (max-width: 1080px) 100vw, 1080px\" data-src=\"https:\/\/sabole.es\/wp-content\/uploads\/2024\/10\/Sabole-Web-Carta-Postres.jpg\" data-srcset=\"https:\/\/sabole.es\/wp-content\/uploads\/2024\/10\/Sabole-Web-Carta-Postres.jpg 1080w, https:\/\/sabole.es\/wp-content\/uploads\/2024\/10\/Sabole-Web-Carta-Postres-240x300.jpg 240w, https:\/\/sabole.es\/wp-content\/uploads\/2024\/10\/Sabole-Web-Carta-Postres-819x1024.jpg 819w, https:\/\/sabole.es\/wp-content\/uploads\/2024\/10\/Sabole-Web-Carta-Postres-10x12.jpg 10w\" data-aspect=\"0.8\" \/>\t\t\t<\/figure>\n\n\t\t<\/div><!-- \/.cb-img-container -->\n\t\t<div class=\"fancy-box-header\">\n\t\t\t\n\t\t\t\t\t\t\t\t\t<h3>Carte des Desserts<\/h3>\n\t\t<\/div><!-- \/.fancy-box-header -->\n\n\t<\/div><!-- \/.fancy-box-contents -->\n\n\t<a href=\"https:\/\/sabole.es\/fr\/carta-de-postres\/\" title=\"Carte des Desserts\" class=\"liquid-overlay-link\"><\/a>\n<\/div><!-- \/.fancy-box fancy-box-classes --><\/div><\/div><\/div><\/div><div class=\"wpb_column vc_column_container vc_col-sm-3 liquid-column-69f2b68301511\"><div class=\"vc_column-inner\"><div class=\"wpb_wrapper\"  ><div class=\"wpb_wrapper-inner\"><div id=\"ld_content_box_69f2b683015e0\" class=\"fancy-box fancy-box-case-study scheme-light ld_content_box_69f2b683015e0\" data-hover3d=\"true\">\n\n\t<div class=\"fancy-box-contents border-radius-5\" data-stacking-factor=\"0.5\">\n\n\t\t<div class=\"cb-img-container border-radius-5\">\n\n\t\t\t<figure class=\"fancy-box-image border-radius-5\" style=\"background-image: url(https:\/\/sabole.es\/wp-content\/uploads\/2024\/10\/Sabole-Web-Carta-Bebidas.jpg);\">\n\t\t\t\t<img loading=\"lazy\" decoding=\"async\" width=\"1080\" height=\"1350\" src=\"data:image\/svg+xml;charset=utf-8,&lt;svg xmlns%3D&#039;http%3A%2F%2Fwww.w3.org%2F2000%2Fsvg&#039; viewBox%3D&#039;0 0 1080 1350&#039;%2F&gt;\" class=\"invisible ld-lazyload\" alt=\"\" srcset=\"\" sizes=\"auto, (max-width: 1080px) 100vw, 1080px\" data-src=\"https:\/\/sabole.es\/wp-content\/uploads\/2024\/10\/Sabole-Web-Carta-Bebidas.jpg\" data-srcset=\"https:\/\/sabole.es\/wp-content\/uploads\/2024\/10\/Sabole-Web-Carta-Bebidas.jpg 1080w, https:\/\/sabole.es\/wp-content\/uploads\/2024\/10\/Sabole-Web-Carta-Bebidas-240x300.jpg 240w, https:\/\/sabole.es\/wp-content\/uploads\/2024\/10\/Sabole-Web-Carta-Bebidas-819x1024.jpg 819w, https:\/\/sabole.es\/wp-content\/uploads\/2024\/10\/Sabole-Web-Carta-Bebidas-10x12.jpg 10w\" data-aspect=\"0.8\" \/>\t\t\t<\/figure>\n\n\t\t<\/div><!-- \/.cb-img-container -->\n\t\t<div class=\"fancy-box-header\">\n\t\t\t\n\t\t\t\t\t\t\t\t\t<h3>Carte des Boissons<\/h3>\n\t\t<\/div><!-- \/.fancy-box-header -->\n\n\t<\/div><!-- \/.fancy-box-contents -->\n\n\t<a href=\"https:\/\/sabole.es\/fr\/carta-de-bebidas\/\" title=\"Carte des Boissons\" class=\"liquid-overlay-link\"><\/a>\n<\/div><!-- \/.fancy-box fancy-box-classes --><\/div><\/div><\/div><\/div><div class=\"wpb_column vc_column_container vc_col-sm-3 liquid-column-69f2b683043f6\"><div class=\"vc_column-inner\"><div class=\"wpb_wrapper\"  ><div class=\"wpb_wrapper-inner\"><div id=\"ld_content_box_69f2b683044ba\" class=\"fancy-box fancy-box-case-study scheme-light ld_content_box_69f2b683044ba\" data-hover3d=\"true\">\n\n\t<div class=\"fancy-box-contents border-radius-5\" data-stacking-factor=\"0.5\">\n\n\t\t<div class=\"cb-img-container border-radius-5\">\n\n\t\t\t<figure class=\"fancy-box-image border-radius-5\" style=\"background-image: url(https:\/\/sabole.es\/wp-content\/uploads\/2024\/10\/Sabole-Web-Carta-Desayunos.jpg);\">\n\t\t\t\t<img loading=\"lazy\" decoding=\"async\" width=\"1080\" height=\"1350\" src=\"data:image\/svg+xml;charset=utf-8,&lt;svg xmlns%3D&#039;http%3A%2F%2Fwww.w3.org%2F2000%2Fsvg&#039; viewBox%3D&#039;0 0 1080 1350&#039;%2F&gt;\" class=\"invisible ld-lazyload\" alt=\"\" srcset=\"\" sizes=\"auto, (max-width: 1080px) 100vw, 1080px\" data-src=\"https:\/\/sabole.es\/wp-content\/uploads\/2024\/10\/Sabole-Web-Carta-Desayunos.jpg\" data-srcset=\"https:\/\/sabole.es\/wp-content\/uploads\/2024\/10\/Sabole-Web-Carta-Desayunos.jpg 1080w, https:\/\/sabole.es\/wp-content\/uploads\/2024\/10\/Sabole-Web-Carta-Desayunos-240x300.jpg 240w, https:\/\/sabole.es\/wp-content\/uploads\/2024\/10\/Sabole-Web-Carta-Desayunos-819x1024.jpg 819w, https:\/\/sabole.es\/wp-content\/uploads\/2024\/10\/Sabole-Web-Carta-Desayunos-10x12.jpg 10w\" data-aspect=\"0.8\" \/>\t\t\t<\/figure>\n\n\t\t<\/div><!-- \/.cb-img-container -->\n\t\t<div class=\"fancy-box-header\">\n\t\t\t\n\t\t\t\t\t\t\t\t\t<h3>Carte des Petits D\u00e9jeuners<\/h3>\n\t\t<\/div><!-- \/.fancy-box-header -->\n\n\t<\/div><!-- \/.fancy-box-contents -->\n\n\t<a href=\"https:\/\/sabole.es\/fr\/carta-de-desayunos\/\" title=\"Carte des Petits D\u00e9jeuners\" class=\"liquid-overlay-link\"><\/a>\n<\/div><!-- \/.fancy-box fancy-box-classes --><\/div><\/div><\/div><\/div><\/div><\/div><\/div><\/div><\/div><\/div><\/div><\/section>\n<\/div>","protected":false},"excerpt":{"rendered":"D\u00f3nde comer en Alicante En Alicante, la riqueza cultural y gastron\u00f3mica se refleja en cada...","protected":false},"author":1,"featured_media":0,"parent":0,"menu_order":0,"comment_status":"closed","ping_status":"closed","template":"","meta":{"footnotes":""},"class_list":["post-494","page","type-page","status-publish","hentry"],"yoast_head":"<!-- This site is optimized with the Yoast SEO plugin v24.5 - https:\/\/yoast.com\/wordpress\/plugins\/seo\/ -->\n<title>D\u00f3nde comer en Alicante - Sabol\u00e9<\/title>\n<meta name=\"description\" content=\"Descubre Sabol\u00e9, el lugar donde comer en Alicante se convierte en una experiencia aut\u00e9ntica. Disfruta de sabores venezolanos, desde arepas hasta cachapas, en un ambiente acogedor y lleno de buena energ\u00eda.\" \/>\n<meta name=\"robots\" content=\"index, follow, max-snippet:-1, max-image-preview:large, max-video-preview:-1\" \/>\n<link rel=\"canonical\" href=\"https:\/\/sabole.es\/fr\/donde-comer-en-alicante\/\" \/>\n<meta property=\"og:locale\" content=\"fr_FR\" \/>\n<meta property=\"og:type\" content=\"article\" \/>\n<meta property=\"og:title\" content=\"D\u00f3nde comer en Alicante - Sabol\u00e9\" \/>\n<meta property=\"og:description\" content=\"Descubre Sabol\u00e9, el lugar donde comer en Alicante se convierte en una experiencia aut\u00e9ntica. Disfruta de sabores venezolanos, desde arepas hasta cachapas, en un ambiente acogedor y lleno de buena energ\u00eda.\" \/>\n<meta property=\"og:url\" content=\"https:\/\/sabole.es\/fr\/donde-comer-en-alicante\/\" \/>\n<meta property=\"og:site_name\" content=\"Sabol\u00e9\" \/>\n<meta property=\"article:publisher\" content=\"https:\/\/www.instagram.com\/sabole.alicante\/\" \/>\n<meta property=\"article:modified_time\" content=\"2026-02-05T11:58:57+00:00\" \/>\n<meta name=\"twitter:card\" content=\"summary_large_image\" \/>\n<meta name=\"twitter:label1\" content=\"Dur\u00e9e de lecture estim\u00e9e\" \/>\n\t<meta name=\"twitter:data1\" content=\"2 minutes\" \/>\n<script type=\"application\/ld+json\" class=\"yoast-schema-graph\">{\"@context\":\"https:\/\/schema.org\",\"@graph\":[{\"@type\":\"WebPage\",\"@id\":\"https:\/\/sabole.es\/donde-comer-en-alicante\/\",\"url\":\"https:\/\/sabole.es\/donde-comer-en-alicante\/\",\"name\":\"D\u00f3nde comer en Alicante - Sabol\u00e9\",\"isPartOf\":{\"@id\":\"https:\/\/sabole.es\/#website\"},\"datePublished\":\"2024-11-04T11:30:47+00:00\",\"dateModified\":\"2026-02-05T11:58:57+00:00\",\"description\":\"Descubre Sabol\u00e9, el lugar donde comer en Alicante se convierte en una experiencia aut\u00e9ntica. Disfruta de sabores venezolanos, desde arepas hasta cachapas, en un ambiente acogedor y lleno de buena energ\u00eda.\",\"breadcrumb\":{\"@id\":\"https:\/\/sabole.es\/donde-comer-en-alicante\/#breadcrumb\"},\"inLanguage\":\"fr-FR\",\"potentialAction\":[{\"@type\":\"ReadAction\",\"target\":[\"https:\/\/sabole.es\/donde-comer-en-alicante\/\"]}]},{\"@type\":\"BreadcrumbList\",\"@id\":\"https:\/\/sabole.es\/donde-comer-en-alicante\/#breadcrumb\",\"itemListElement\":[{\"@type\":\"ListItem\",\"position\":1,\"name\":\"Portada\",\"item\":\"https:\/\/sabole.es\/\"},{\"@type\":\"ListItem\",\"position\":2,\"name\":\"D\u00f3nde comer en Alicante\"}]},{\"@type\":\"WebSite\",\"@id\":\"https:\/\/sabole.es\/#website\",\"url\":\"https:\/\/sabole.es\/\",\"name\":\"Sabol\u00e9\",\"description\":\"Restaurante venezolano en Alicante\",\"publisher\":{\"@id\":\"https:\/\/sabole.es\/#organization\"},\"potentialAction\":[{\"@type\":\"SearchAction\",\"target\":{\"@type\":\"EntryPoint\",\"urlTemplate\":\"https:\/\/sabole.es\/?s={search_term_string}\"},\"query-input\":{\"@type\":\"PropertyValueSpecification\",\"valueRequired\":true,\"valueName\":\"search_term_string\"}}],\"inLanguage\":\"fr-FR\"},{\"@type\":\"Organization\",\"@id\":\"https:\/\/sabole.es\/#organization\",\"name\":\"Sabol\u00e9\",\"url\":\"https:\/\/sabole.es\/\",\"logo\":{\"@type\":\"ImageObject\",\"inLanguage\":\"fr-FR\",\"@id\":\"https:\/\/sabole.es\/#\/schema\/logo\/image\/\",\"url\":\"https:\/\/sabole.es\/wp-content\/uploads\/2024\/10\/Sabole-Web-LogoSabole-Yellow.svg\",\"contentUrl\":\"https:\/\/sabole.es\/wp-content\/uploads\/2024\/10\/Sabole-Web-LogoSabole-Yellow.svg\",\"width\":1,\"height\":1,\"caption\":\"Sabol\u00e9\"},\"image\":{\"@id\":\"https:\/\/sabole.es\/#\/schema\/logo\/image\/\"},\"sameAs\":[\"https:\/\/www.instagram.com\/sabole.alicante\/\"]}]}<\/script>\n<!-- \/ Yoast SEO plugin. -->","yoast_head_json":{"title":"D\u00f3nde comer en Alicante - Sabol\u00e9","description":"Descubre Sabol\u00e9, el lugar donde comer en Alicante se convierte en una experiencia aut\u00e9ntica. Disfruta de sabores venezolanos, desde arepas hasta cachapas, en un ambiente acogedor y lleno de buena energ\u00eda.","robots":{"index":"index","follow":"follow","max-snippet":"max-snippet:-1","max-image-preview":"max-image-preview:large","max-video-preview":"max-video-preview:-1"},"canonical":"https:\/\/sabole.es\/fr\/donde-comer-en-alicante\/","og_locale":"fr_FR","og_type":"article","og_title":"D\u00f3nde comer en Alicante - Sabol\u00e9","og_description":"Descubre Sabol\u00e9, el lugar donde comer en Alicante se convierte en una experiencia aut\u00e9ntica. Disfruta de sabores venezolanos, desde arepas hasta cachapas, en un ambiente acogedor y lleno de buena energ\u00eda.","og_url":"https:\/\/sabole.es\/fr\/donde-comer-en-alicante\/","og_site_name":"Sabol\u00e9","article_publisher":"https:\/\/www.instagram.com\/sabole.alicante\/","article_modified_time":"2026-02-05T11:58:57+00:00","twitter_card":"summary_large_image","twitter_misc":{"Dur\u00e9e de lecture estim\u00e9e":"2 minutes"},"schema":{"@context":"https:\/\/schema.org","@graph":[{"@type":"WebPage","@id":"https:\/\/sabole.es\/donde-comer-en-alicante\/","url":"https:\/\/sabole.es\/donde-comer-en-alicante\/","name":"D\u00f3nde comer en Alicante - Sabol\u00e9","isPartOf":{"@id":"https:\/\/sabole.es\/#website"},"datePublished":"2024-11-04T11:30:47+00:00","dateModified":"2026-02-05T11:58:57+00:00","description":"Descubre Sabol\u00e9, el lugar donde comer en Alicante se convierte en una experiencia aut\u00e9ntica. Disfruta de sabores venezolanos, desde arepas hasta cachapas, en un ambiente acogedor y lleno de buena energ\u00eda.","breadcrumb":{"@id":"https:\/\/sabole.es\/donde-comer-en-alicante\/#breadcrumb"},"inLanguage":"fr-FR","potentialAction":[{"@type":"ReadAction","target":["https:\/\/sabole.es\/donde-comer-en-alicante\/"]}]},{"@type":"BreadcrumbList","@id":"https:\/\/sabole.es\/donde-comer-en-alicante\/#breadcrumb","itemListElement":[{"@type":"ListItem","position":1,"name":"Portada","item":"https:\/\/sabole.es\/"},{"@type":"ListItem","position":2,"name":"D\u00f3nde comer en Alicante"}]},{"@type":"WebSite","@id":"https:\/\/sabole.es\/#website","url":"https:\/\/sabole.es\/","name":"Sabol\u00e9","description":"Restaurante venezolano en Alicante","publisher":{"@id":"https:\/\/sabole.es\/#organization"},"potentialAction":[{"@type":"SearchAction","target":{"@type":"EntryPoint","urlTemplate":"https:\/\/sabole.es\/?s={search_term_string}"},"query-input":{"@type":"PropertyValueSpecification","valueRequired":true,"valueName":"search_term_string"}}],"inLanguage":"fr-FR"},{"@type":"Organization","@id":"https:\/\/sabole.es\/#organization","name":"Sabol\u00e9","url":"https:\/\/sabole.es\/","logo":{"@type":"ImageObject","inLanguage":"fr-FR","@id":"https:\/\/sabole.es\/#\/schema\/logo\/image\/","url":"https:\/\/sabole.es\/wp-content\/uploads\/2024\/10\/Sabole-Web-LogoSabole-Yellow.svg","contentUrl":"https:\/\/sabole.es\/wp-content\/uploads\/2024\/10\/Sabole-Web-LogoSabole-Yellow.svg","width":1,"height":1,"caption":"Sabol\u00e9"},"image":{"@id":"https:\/\/sabole.es\/#\/schema\/logo\/image\/"},"sameAs":["https:\/\/www.instagram.com\/sabole.alicante\/"]}]}},"_links":{"self":[{"href":"https:\/\/sabole.es\/fr\/wp-json\/wp\/v2\/pages\/494","targetHints":{"allow":["GET"]}}],"collection":[{"href":"https:\/\/sabole.es\/fr\/wp-json\/wp\/v2\/pages"}],"about":[{"href":"https:\/\/sabole.es\/fr\/wp-json\/wp\/v2\/types\/page"}],"author":[{"embeddable":true,"href":"https:\/\/sabole.es\/fr\/wp-json\/wp\/v2\/users\/1"}],"replies":[{"embeddable":true,"href":"https:\/\/sabole.es\/fr\/wp-json\/wp\/v2\/comments?post=494"}],"version-history":[{"count":17,"href":"https:\/\/sabole.es\/fr\/wp-json\/wp\/v2\/pages\/494\/revisions"}],"predecessor-version":[{"id":910,"href":"https:\/\/sabole.es\/fr\/wp-json\/wp\/v2\/pages\/494\/revisions\/910"}],"wp:attachment":[{"href":"https:\/\/sabole.es\/fr\/wp-json\/wp\/v2\/media?parent=494"}],"curies":[{"name":"wp","href":"https:\/\/api.w.org\/{rel}","templated":true}]}}