{"id":484,"date":"2024-11-04T11:19:57","date_gmt":"2024-11-04T10:19:57","guid":{"rendered":"https:\/\/sabole.es\/?page_id=484"},"modified":"2026-02-05T12:58:19","modified_gmt":"2026-02-05T11:58:19","slug":"reservas","status":"publish","type":"page","link":"https:\/\/sabole.es\/fr\/reservas\/","title":{"rendered":"R\u00e9servations"},"content":{"rendered":"<div class=\"wpb-content-wrapper\"><section data-bg-image=\"url\" class=\"vc_row wpb_row vc_row-fluid vc_custom_1770292696353 row-contains-padding-top row-contains-padding-bottom liquid-row-shadowbox-69f19308e36b4 vc_row-has-fill vc_row-has-bg vc_column-gap-30 vc_row-o-full-height vc_row-o-columns-middle vc_row-o-content-middle vc_row-flex\"><div class=\"liquid-row-overlay\" style=\"background:rgba(0, 0, 0, 0.7)\"><\/div><div class=\"ld-container container\"><div class=\"row ld-row\"><div class=\"wpb_column vc_column_container vc_col-sm-2 liquid-column-69f19308e3cab\"><div class=\"vc_column-inner\"><div class=\"wpb_wrapper\"   ><div class=\"wpb_wrapper-inner\"><\/div><\/div><\/div><\/div><div class=\"wpb_column vc_column_container vc_col-sm-8 text-center liquid-column-69f19308e3f9d\"><div class=\"vc_column-inner\"><div class=\"wpb_wrapper\"   ><div class=\"wpb_wrapper-inner\"><style>.ld_fancy_heading_69f19308e4095 h1{color:rgb(255, 205, 28);}.ld_fancy_heading_69f19308e4095 .lqd-highlight-inner{height:0.275em;bottom:0px;}<\/style><div class=\"ld-fancy-heading text-center ld_fancy_heading_69f19308e4095\">\n\t<h1 class=\"lqd-highlight-underline lqd-highlight-grow-left\" ><span class=\"ld-fh-txt\"> R\u00e9servez votre table chez Sabol\u00e9<\/span><\/h1><\/div><style>.ld_fancy_heading_69f19308e439e p{font-size:20px;letter-spacing:1px;color:rgb(255, 255, 255);}.ld_fancy_heading_69f19308e439e .lqd-highlight-inner{height:0.275em;bottom:0px;}<\/style><div class=\"ld-fancy-heading text-center ld_fancy_heading_69f19308e439e\">\n\t<p class=\"lqd-highlight-underline lqd-highlight-grow-left\" ><span class=\"ld-fh-txt\"> Laissez-vous emporter par les saveurs de notre terre dans une ambiance qui vous fera vous sentir comme chez vous. R\u00e9servez votre table et pr\u00e9parez-vous \u00e0 savourer le meilleur de la cuisine v\u00e9n\u00e9zu\u00e9lienne, pr\u00e9par\u00e9e avec passion et des racines authentiques.<\/span><\/p><\/div><div class=\"vc_empty_space\"   style=\"height: 20px\"><span class=\"vc_empty_space_inner\"><\/span><\/div><style>.ld_button_69f19308e4573.btn-icon-solid .btn-icon{background:rgb(255, 255, 255);}.ld_button_69f19308e4573.btn-icon-circle.btn-icon-ripple .btn-icon:before{border-color:rgb(255, 255, 255);}.ld_button_69f19308e4573.btn-icon-solid:hover .btn-icon{background:rgb(0, 27, 63);}.ld_button_69f19308e4573{background-color:rgb(255, 255, 255);border-color:rgb(255, 255, 255);color:rgb(0, 27, 63);font-size:14px !important;font-weight:800 !important;letter-spacing:0.3em !important;}.ld_button_69f19308e4573:hover{background-color:rgb(0, 27, 63);border-color:rgb(0, 27, 63);color:rgb(255, 255, 255);}.ld_button_69f19308e4573 .btn-gradient-bg-hover{background:-webkit-linear-gradient(to right, rgb(0, 27, 63) 0%, rgb(0, 27, 63) 100%);background:linear-gradient(to right, rgb(0, 27, 63) 0%, rgb(0, 27, 63) 100%);}.ld_button_69f19308e4573 .btn-gradient-border defs stop:first-child{stop-color:rgb(255, 255, 255);}.ld_button_69f19308e4573 .btn-gradient-border defs stop:last-child{stop-color:rgb(255, 255, 255);}.ld_button_69f19308e4573:hover .btn-gradient-border defs stop:first-child{stop-color:rgb(0, 27, 63);}.ld_button_69f19308e4573:hover .btn-gradient-border defs stop:last-child{stop-color:rgb(0, 27, 63);}<\/style><a href=\"tel:+34600649858\" target=\"_blank\" class=\"btn btn-solid text-uppercase btn-lg semi-round btn-bordered border-thin ld_button_69f19308e4573\">\n\t<span>\n\t\t\n\t\t\t\t\t<span class=\"btn-txt\">R\u00e9server Sabol\u00e9 Centro<\/span>\n\t\t\t\n\t\t\t\t<\/span>\n<\/a>\n<div class=\"vc_empty_space\"   style=\"height: 20px\"><span class=\"vc_empty_space_inner\"><\/span><\/div><style>.ld_button_69f19308e5a45.btn-icon-solid .btn-icon{background:rgb(255, 255, 255);}.ld_button_69f19308e5a45.btn-icon-circle.btn-icon-ripple .btn-icon:before{border-color:rgb(255, 255, 255);}.ld_button_69f19308e5a45.btn-icon-solid:hover .btn-icon{background:rgb(0, 27, 63);}.ld_button_69f19308e5a45{background-color:rgb(255, 255, 255);border-color:rgb(255, 255, 255);color:rgb(0, 27, 63);font-size:14px !important;font-weight:800 !important;letter-spacing:0.3em !important;}.ld_button_69f19308e5a45:hover{background-color:rgb(0, 27, 63);border-color:rgb(0, 27, 63);color:rgb(255, 255, 255);}.ld_button_69f19308e5a45 .btn-gradient-bg-hover{background:-webkit-linear-gradient(to right, rgb(0, 27, 63) 0%, rgb(0, 27, 63) 100%);background:linear-gradient(to right, rgb(0, 27, 63) 0%, rgb(0, 27, 63) 100%);}.ld_button_69f19308e5a45 .btn-gradient-border defs stop:first-child{stop-color:rgb(255, 255, 255);}.ld_button_69f19308e5a45 .btn-gradient-border defs stop:last-child{stop-color:rgb(255, 255, 255);}.ld_button_69f19308e5a45:hover .btn-gradient-border defs stop:first-child{stop-color:rgb(0, 27, 63);}.ld_button_69f19308e5a45:hover .btn-gradient-border defs stop:last-child{stop-color:rgb(0, 27, 63);}<\/style><a href=\"tel:+34677285850\" target=\"_blank\" class=\"btn btn-solid text-uppercase btn-lg semi-round btn-bordered border-thin ld_button_69f19308e5a45\">\n\t<span>\n\t\t\n\t\t\t\t\t<span class=\"btn-txt\">R\u00e9server Sabol\u00e9 San Juan Playa<\/span>\n\t\t\t\n\t\t\t\t<\/span>\n<\/a>\n<\/div><\/div><\/div><\/div><div class=\"wpb_column vc_column_container vc_col-sm-2 liquid-column-69f19308e70a6\"><div class=\"vc_column-inner\"><div class=\"wpb_wrapper\"   ><div class=\"wpb_wrapper-inner\"><\/div><\/div><\/div><\/div><\/div><\/div><\/section><section id=\"carta\" data-bg-image=\"url\" class=\"vc_row wpb_row vc_row-fluid vc_custom_1728772378608 row-contains-padding-top row-contains-padding-bottom liquid-row-shadowbox-69f19308e72dc vc_row-has-fill vc_row-has-bg vc_column-gap-30 vc_row-o-content-middle vc_row-flex\"><div class=\"ld-container container\"><div class=\"row ld-row\"><div class=\"wpb_column vc_column_container vc_col-sm-12 liquid-column-69f19308e755d\"><div class=\"vc_column-inner\"><div class=\"wpb_wrapper\"   ><div class=\"wpb_wrapper-inner\"><div class=\"vc_row wpb_row vc_inner vc_row-fluid liquid-row-shadowbox-69f19308e7726\"><div class=\"wpb_column vc_column_container vc_col-sm-2 liquid-column-69f19308e7956\"><div class=\"vc_column-inner\"><div class=\"wpb_wrapper\"  ><div class=\"wpb_wrapper-inner\"><\/div><\/div><\/div><\/div><div class=\"wpb_column vc_column_container vc_col-sm-8 liquid-column-69f19308e7b0c\"><div class=\"vc_column-inner\"><div class=\"wpb_wrapper\"  ><div class=\"wpb_wrapper-inner\"><style>.ld_fancy_heading_69f19308e7be2 h2{color:#001b3f;}.ld_fancy_heading_69f19308e7be2 .lqd-highlight-inner{height:0.275em;bottom:0px;}<\/style><div class=\"ld-fancy-heading text-center ld_fancy_heading_69f19308e7be2\">\n\t<h2 class=\"lqd-highlight-underline lqd-highlight-grow-left\" ><span class=\"ld-fh-txt\"> Vous voulez d\u00e9couvrir ce que vous pourrez d\u00e9guster chez Sabol\u00e9?<\/span><\/h2><\/div><style>.ld_fancy_heading_69f19308e9522 h3{color:#ffcd1c;}.ld_fancy_heading_69f19308e9522 .lqd-highlight-inner{height:0.275em;bottom:0px;}<\/style><div class=\"ld-fancy-heading text-center ld_fancy_heading_69f19308e9522\">\n\t<h3 class=\"lqd-highlight-underline lqd-highlight-grow-left\" ><span class=\"ld-fh-txt\"> Acc\u00e9dez \u00e0 l'une de nos cartes:<\/span><\/h3><\/div><\/div><\/div><\/div><\/div><div class=\"wpb_column vc_column_container vc_col-sm-2 liquid-column-69f19308eaf62\"><div class=\"vc_column-inner\"><div class=\"wpb_wrapper\"  ><div class=\"wpb_wrapper-inner\"><\/div><\/div><\/div><\/div><\/div><div class=\"vc_row wpb_row vc_inner vc_row-fluid vc_custom_1728744245740 liquid-row-shadowbox-69f19308eb0ce vc_column-gap-20\"><div class=\"wpb_column vc_column_container vc_col-sm-3 liquid-column-69f19308eb2df\"><div class=\"vc_column-inner\"><div class=\"wpb_wrapper\"  ><div class=\"wpb_wrapper-inner\"><div id=\"ld_content_box_69f19308eb3db\" class=\"fancy-box fancy-box-case-study scheme-light ld_content_box_69f19308eb3db\" data-hover3d=\"true\">\n\n\t<div class=\"fancy-box-contents border-radius-5\" data-stacking-factor=\"0.5\">\n\n\t\t<div class=\"cb-img-container border-radius-5\">\n\n\t\t\t<figure class=\"fancy-box-image border-radius-5\" style=\"background-image: url(https:\/\/sabole.es\/wp-content\/uploads\/2024\/10\/Sabole-Web-Carta-Comidas.jpg);\">\n\t\t\t\t<img loading=\"lazy\" decoding=\"async\" width=\"1080\" height=\"1350\" src=\"data:image\/svg+xml;charset=utf-8,&lt;svg xmlns%3D&#039;http%3A%2F%2Fwww.w3.org%2F2000%2Fsvg&#039; viewBox%3D&#039;0 0 1080 1350&#039;%2F&gt;\" class=\"invisible ld-lazyload\" alt=\"\" srcset=\"\" sizes=\"auto, (max-width: 1080px) 100vw, 1080px\" data-src=\"https:\/\/sabole.es\/wp-content\/uploads\/2024\/10\/Sabole-Web-Carta-Comidas.jpg\" data-srcset=\"https:\/\/sabole.es\/wp-content\/uploads\/2024\/10\/Sabole-Web-Carta-Comidas.jpg 1080w, https:\/\/sabole.es\/wp-content\/uploads\/2024\/10\/Sabole-Web-Carta-Comidas-240x300.jpg 240w, https:\/\/sabole.es\/wp-content\/uploads\/2024\/10\/Sabole-Web-Carta-Comidas-819x1024.jpg 819w, https:\/\/sabole.es\/wp-content\/uploads\/2024\/10\/Sabole-Web-Carta-Comidas-10x12.jpg 10w\" data-aspect=\"0.8\" \/>\t\t\t<\/figure>\n\n\t\t<\/div><!-- \/.cb-img-container -->\n\t\t<div class=\"fancy-box-header\">\n\t\t\t\n\t\t\t\t\t\t\t\t\t<h3>Carte des Plats<\/h3>\n\t\t<\/div><!-- \/.fancy-box-header -->\n\n\t<\/div><!-- \/.fancy-box-contents -->\n\n\t<a href=\"https:\/\/sabole.es\/fr\/carta\/\" title=\"Carte des Plats\" class=\"liquid-overlay-link\"><\/a>\n<\/div><!-- \/.fancy-box fancy-box-classes --><\/div><\/div><\/div><\/div><div class=\"wpb_column vc_column_container vc_col-sm-3 liquid-column-69f19308f1eee\"><div class=\"vc_column-inner\"><div class=\"wpb_wrapper\"  ><div class=\"wpb_wrapper-inner\"><div id=\"ld_content_box_69f19308f1fd9\" class=\"fancy-box fancy-box-case-study scheme-light ld_content_box_69f19308f1fd9\" data-hover3d=\"true\">\n\n\t<div class=\"fancy-box-contents border-radius-5\" data-stacking-factor=\"0.5\">\n\n\t\t<div class=\"cb-img-container border-radius-5\">\n\n\t\t\t<figure class=\"fancy-box-image border-radius-5\" style=\"background-image: url(https:\/\/sabole.es\/wp-content\/uploads\/2024\/10\/Sabole-Web-Carta-Postres.jpg);\">\n\t\t\t\t<img loading=\"lazy\" decoding=\"async\" width=\"1080\" height=\"1350\" src=\"data:image\/svg+xml;charset=utf-8,&lt;svg xmlns%3D&#039;http%3A%2F%2Fwww.w3.org%2F2000%2Fsvg&#039; viewBox%3D&#039;0 0 1080 1350&#039;%2F&gt;\" class=\"invisible ld-lazyload\" alt=\"\" srcset=\"\" sizes=\"auto, (max-width: 1080px) 100vw, 1080px\" data-src=\"https:\/\/sabole.es\/wp-content\/uploads\/2024\/10\/Sabole-Web-Carta-Postres.jpg\" data-srcset=\"https:\/\/sabole.es\/wp-content\/uploads\/2024\/10\/Sabole-Web-Carta-Postres.jpg 1080w, https:\/\/sabole.es\/wp-content\/uploads\/2024\/10\/Sabole-Web-Carta-Postres-240x300.jpg 240w, https:\/\/sabole.es\/wp-content\/uploads\/2024\/10\/Sabole-Web-Carta-Postres-819x1024.jpg 819w, https:\/\/sabole.es\/wp-content\/uploads\/2024\/10\/Sabole-Web-Carta-Postres-10x12.jpg 10w\" data-aspect=\"0.8\" \/>\t\t\t<\/figure>\n\n\t\t<\/div><!-- \/.cb-img-container -->\n\t\t<div class=\"fancy-box-header\">\n\t\t\t\n\t\t\t\t\t\t\t\t\t<h3>Carte des Desserts<\/h3>\n\t\t<\/div><!-- \/.fancy-box-header -->\n\n\t<\/div><!-- \/.fancy-box-contents -->\n\n\t<a href=\"https:\/\/sabole.es\/fr\/carta-de-postres\/\" title=\"Carte des Desserts\" class=\"liquid-overlay-link\"><\/a>\n<\/div><!-- \/.fancy-box fancy-box-classes --><\/div><\/div><\/div><\/div><div class=\"wpb_column vc_column_container vc_col-sm-3 liquid-column-69f1930900e45\"><div class=\"vc_column-inner\"><div class=\"wpb_wrapper\"  ><div class=\"wpb_wrapper-inner\"><div id=\"ld_content_box_69f1930900f32\" class=\"fancy-box fancy-box-case-study scheme-light ld_content_box_69f1930900f32\" data-hover3d=\"true\">\n\n\t<div class=\"fancy-box-contents border-radius-5\" data-stacking-factor=\"0.5\">\n\n\t\t<div class=\"cb-img-container border-radius-5\">\n\n\t\t\t<figure class=\"fancy-box-image border-radius-5\" style=\"background-image: url(https:\/\/sabole.es\/wp-content\/uploads\/2024\/10\/Sabole-Web-Carta-Bebidas.jpg);\">\n\t\t\t\t<img loading=\"lazy\" decoding=\"async\" width=\"1080\" height=\"1350\" src=\"data:image\/svg+xml;charset=utf-8,&lt;svg xmlns%3D&#039;http%3A%2F%2Fwww.w3.org%2F2000%2Fsvg&#039; viewBox%3D&#039;0 0 1080 1350&#039;%2F&gt;\" class=\"invisible ld-lazyload\" alt=\"\" srcset=\"\" sizes=\"auto, (max-width: 1080px) 100vw, 1080px\" data-src=\"https:\/\/sabole.es\/wp-content\/uploads\/2024\/10\/Sabole-Web-Carta-Bebidas.jpg\" data-srcset=\"https:\/\/sabole.es\/wp-content\/uploads\/2024\/10\/Sabole-Web-Carta-Bebidas.jpg 1080w, https:\/\/sabole.es\/wp-content\/uploads\/2024\/10\/Sabole-Web-Carta-Bebidas-240x300.jpg 240w, https:\/\/sabole.es\/wp-content\/uploads\/2024\/10\/Sabole-Web-Carta-Bebidas-819x1024.jpg 819w, https:\/\/sabole.es\/wp-content\/uploads\/2024\/10\/Sabole-Web-Carta-Bebidas-10x12.jpg 10w\" data-aspect=\"0.8\" \/>\t\t\t<\/figure>\n\n\t\t<\/div><!-- \/.cb-img-container -->\n\t\t<div class=\"fancy-box-header\">\n\t\t\t\n\t\t\t\t\t\t\t\t\t<h3>Carte des Boissons<\/h3>\n\t\t<\/div><!-- \/.fancy-box-header -->\n\n\t<\/div><!-- \/.fancy-box-contents -->\n\n\t<a href=\"https:\/\/sabole.es\/fr\/carta-de-bebidas\/\" title=\"Carte des Boissons\" class=\"liquid-overlay-link\"><\/a>\n<\/div><!-- \/.fancy-box fancy-box-classes --><\/div><\/div><\/div><\/div><div class=\"wpb_column vc_column_container vc_col-sm-3 liquid-column-69f1930903ad7\"><div class=\"vc_column-inner\"><div class=\"wpb_wrapper\"  ><div class=\"wpb_wrapper-inner\"><div id=\"ld_content_box_69f1930903bc5\" class=\"fancy-box fancy-box-case-study scheme-light ld_content_box_69f1930903bc5\" data-hover3d=\"true\">\n\n\t<div class=\"fancy-box-contents border-radius-5\" data-stacking-factor=\"0.5\">\n\n\t\t<div class=\"cb-img-container border-radius-5\">\n\n\t\t\t<figure class=\"fancy-box-image border-radius-5\" style=\"background-image: url(https:\/\/sabole.es\/wp-content\/uploads\/2024\/10\/Sabole-Web-Carta-Desayunos.jpg);\">\n\t\t\t\t<img loading=\"lazy\" decoding=\"async\" width=\"1080\" height=\"1350\" src=\"data:image\/svg+xml;charset=utf-8,&lt;svg xmlns%3D&#039;http%3A%2F%2Fwww.w3.org%2F2000%2Fsvg&#039; viewBox%3D&#039;0 0 1080 1350&#039;%2F&gt;\" class=\"invisible ld-lazyload\" alt=\"\" srcset=\"\" sizes=\"auto, (max-width: 1080px) 100vw, 1080px\" data-src=\"https:\/\/sabole.es\/wp-content\/uploads\/2024\/10\/Sabole-Web-Carta-Desayunos.jpg\" data-srcset=\"https:\/\/sabole.es\/wp-content\/uploads\/2024\/10\/Sabole-Web-Carta-Desayunos.jpg 1080w, https:\/\/sabole.es\/wp-content\/uploads\/2024\/10\/Sabole-Web-Carta-Desayunos-240x300.jpg 240w, https:\/\/sabole.es\/wp-content\/uploads\/2024\/10\/Sabole-Web-Carta-Desayunos-819x1024.jpg 819w, https:\/\/sabole.es\/wp-content\/uploads\/2024\/10\/Sabole-Web-Carta-Desayunos-10x12.jpg 10w\" data-aspect=\"0.8\" \/>\t\t\t<\/figure>\n\n\t\t<\/div><!-- \/.cb-img-container -->\n\t\t<div class=\"fancy-box-header\">\n\t\t\t\n\t\t\t\t\t\t\t\t\t<h3>Carte des Petits D\u00e9jeuners<\/h3>\n\t\t<\/div><!-- \/.fancy-box-header -->\n\n\t<\/div><!-- \/.fancy-box-contents -->\n\n\t<a href=\"https:\/\/sabole.es\/fr\/carta-de-desayunos\/\" title=\"Carte des Petits D\u00e9jeuners\" class=\"liquid-overlay-link\"><\/a>\n<\/div><!-- \/.fancy-box fancy-box-classes --><\/div><\/div><\/div><\/div><\/div><\/div><\/div><\/div><\/div><\/div><\/div><\/section>\n<\/div>","protected":false},"excerpt":{"rendered":"Reserva tu mesa en Sabol\u00e9 D\u00e9jate llevar por los sabores de nuestra tierra en un...","protected":false},"author":1,"featured_media":0,"parent":0,"menu_order":0,"comment_status":"closed","ping_status":"closed","template":"","meta":{"footnotes":""},"class_list":["post-484","page","type-page","status-publish","hentry"],"yoast_head":"<!-- This site is optimized with the Yoast SEO plugin v24.5 - https:\/\/yoast.com\/wordpress\/plugins\/seo\/ -->\n<title>Reservas - Sabol\u00e9<\/title>\n<meta name=\"robots\" content=\"index, follow, max-snippet:-1, max-image-preview:large, max-video-preview:-1\" \/>\n<link rel=\"canonical\" href=\"https:\/\/sabole.es\/fr\/reservas\/\" \/>\n<meta property=\"og:locale\" content=\"fr_FR\" \/>\n<meta property=\"og:type\" content=\"article\" \/>\n<meta property=\"og:title\" content=\"Reservas - Sabol\u00e9\" \/>\n<meta property=\"og:url\" content=\"https:\/\/sabole.es\/fr\/reservas\/\" \/>\n<meta property=\"og:site_name\" content=\"Sabol\u00e9\" \/>\n<meta property=\"article:publisher\" content=\"https:\/\/www.instagram.com\/sabole.alicante\/\" \/>\n<meta property=\"article:modified_time\" content=\"2026-02-05T11:58:19+00:00\" \/>\n<meta name=\"twitter:card\" content=\"summary_large_image\" \/>\n<meta name=\"twitter:label1\" content=\"Dur\u00e9e de lecture estim\u00e9e\" \/>\n\t<meta name=\"twitter:data1\" content=\"1 minute\" \/>\n<script type=\"application\/ld+json\" class=\"yoast-schema-graph\">{\"@context\":\"https:\/\/schema.org\",\"@graph\":[{\"@type\":\"WebPage\",\"@id\":\"https:\/\/sabole.es\/reservas\/\",\"url\":\"https:\/\/sabole.es\/reservas\/\",\"name\":\"Reservas - Sabol\u00e9\",\"isPartOf\":{\"@id\":\"https:\/\/sabole.es\/#website\"},\"datePublished\":\"2024-11-04T10:19:57+00:00\",\"dateModified\":\"2026-02-05T11:58:19+00:00\",\"breadcrumb\":{\"@id\":\"https:\/\/sabole.es\/reservas\/#breadcrumb\"},\"inLanguage\":\"fr-FR\",\"potentialAction\":[{\"@type\":\"ReadAction\",\"target\":[\"https:\/\/sabole.es\/reservas\/\"]}]},{\"@type\":\"BreadcrumbList\",\"@id\":\"https:\/\/sabole.es\/reservas\/#breadcrumb\",\"itemListElement\":[{\"@type\":\"ListItem\",\"position\":1,\"name\":\"Portada\",\"item\":\"https:\/\/sabole.es\/\"},{\"@type\":\"ListItem\",\"position\":2,\"name\":\"Reservas\"}]},{\"@type\":\"WebSite\",\"@id\":\"https:\/\/sabole.es\/#website\",\"url\":\"https:\/\/sabole.es\/\",\"name\":\"Sabol\u00e9\",\"description\":\"Restaurante venezolano en Alicante\",\"publisher\":{\"@id\":\"https:\/\/sabole.es\/#organization\"},\"potentialAction\":[{\"@type\":\"SearchAction\",\"target\":{\"@type\":\"EntryPoint\",\"urlTemplate\":\"https:\/\/sabole.es\/?s={search_term_string}\"},\"query-input\":{\"@type\":\"PropertyValueSpecification\",\"valueRequired\":true,\"valueName\":\"search_term_string\"}}],\"inLanguage\":\"fr-FR\"},{\"@type\":\"Organization\",\"@id\":\"https:\/\/sabole.es\/#organization\",\"name\":\"Sabol\u00e9\",\"url\":\"https:\/\/sabole.es\/\",\"logo\":{\"@type\":\"ImageObject\",\"inLanguage\":\"fr-FR\",\"@id\":\"https:\/\/sabole.es\/#\/schema\/logo\/image\/\",\"url\":\"https:\/\/sabole.es\/wp-content\/uploads\/2024\/10\/Sabole-Web-LogoSabole-Yellow.svg\",\"contentUrl\":\"https:\/\/sabole.es\/wp-content\/uploads\/2024\/10\/Sabole-Web-LogoSabole-Yellow.svg\",\"width\":1,\"height\":1,\"caption\":\"Sabol\u00e9\"},\"image\":{\"@id\":\"https:\/\/sabole.es\/#\/schema\/logo\/image\/\"},\"sameAs\":[\"https:\/\/www.instagram.com\/sabole.alicante\/\"]}]}<\/script>\n<!-- \/ Yoast SEO plugin. -->","yoast_head_json":{"title":"Reservas - Sabol\u00e9","robots":{"index":"index","follow":"follow","max-snippet":"max-snippet:-1","max-image-preview":"max-image-preview:large","max-video-preview":"max-video-preview:-1"},"canonical":"https:\/\/sabole.es\/fr\/reservas\/","og_locale":"fr_FR","og_type":"article","og_title":"Reservas - Sabol\u00e9","og_url":"https:\/\/sabole.es\/fr\/reservas\/","og_site_name":"Sabol\u00e9","article_publisher":"https:\/\/www.instagram.com\/sabole.alicante\/","article_modified_time":"2026-02-05T11:58:19+00:00","twitter_card":"summary_large_image","twitter_misc":{"Dur\u00e9e de lecture estim\u00e9e":"1 minute"},"schema":{"@context":"https:\/\/schema.org","@graph":[{"@type":"WebPage","@id":"https:\/\/sabole.es\/reservas\/","url":"https:\/\/sabole.es\/reservas\/","name":"Reservas - Sabol\u00e9","isPartOf":{"@id":"https:\/\/sabole.es\/#website"},"datePublished":"2024-11-04T10:19:57+00:00","dateModified":"2026-02-05T11:58:19+00:00","breadcrumb":{"@id":"https:\/\/sabole.es\/reservas\/#breadcrumb"},"inLanguage":"fr-FR","potentialAction":[{"@type":"ReadAction","target":["https:\/\/sabole.es\/reservas\/"]}]},{"@type":"BreadcrumbList","@id":"https:\/\/sabole.es\/reservas\/#breadcrumb","itemListElement":[{"@type":"ListItem","position":1,"name":"Portada","item":"https:\/\/sabole.es\/"},{"@type":"ListItem","position":2,"name":"Reservas"}]},{"@type":"WebSite","@id":"https:\/\/sabole.es\/#website","url":"https:\/\/sabole.es\/","name":"Sabol\u00e9","description":"Restaurante venezolano en Alicante","publisher":{"@id":"https:\/\/sabole.es\/#organization"},"potentialAction":[{"@type":"SearchAction","target":{"@type":"EntryPoint","urlTemplate":"https:\/\/sabole.es\/?s={search_term_string}"},"query-input":{"@type":"PropertyValueSpecification","valueRequired":true,"valueName":"search_term_string"}}],"inLanguage":"fr-FR"},{"@type":"Organization","@id":"https:\/\/sabole.es\/#organization","name":"Sabol\u00e9","url":"https:\/\/sabole.es\/","logo":{"@type":"ImageObject","inLanguage":"fr-FR","@id":"https:\/\/sabole.es\/#\/schema\/logo\/image\/","url":"https:\/\/sabole.es\/wp-content\/uploads\/2024\/10\/Sabole-Web-LogoSabole-Yellow.svg","contentUrl":"https:\/\/sabole.es\/wp-content\/uploads\/2024\/10\/Sabole-Web-LogoSabole-Yellow.svg","width":1,"height":1,"caption":"Sabol\u00e9"},"image":{"@id":"https:\/\/sabole.es\/#\/schema\/logo\/image\/"},"sameAs":["https:\/\/www.instagram.com\/sabole.alicante\/"]}]}},"_links":{"self":[{"href":"https:\/\/sabole.es\/fr\/wp-json\/wp\/v2\/pages\/484","targetHints":{"allow":["GET"]}}],"collection":[{"href":"https:\/\/sabole.es\/fr\/wp-json\/wp\/v2\/pages"}],"about":[{"href":"https:\/\/sabole.es\/fr\/wp-json\/wp\/v2\/types\/page"}],"author":[{"embeddable":true,"href":"https:\/\/sabole.es\/fr\/wp-json\/wp\/v2\/users\/1"}],"replies":[{"embeddable":true,"href":"https:\/\/sabole.es\/fr\/wp-json\/wp\/v2\/comments?post=484"}],"version-history":[{"count":9,"href":"https:\/\/sabole.es\/fr\/wp-json\/wp\/v2\/pages\/484\/revisions"}],"predecessor-version":[{"id":909,"href":"https:\/\/sabole.es\/fr\/wp-json\/wp\/v2\/pages\/484\/revisions\/909"}],"wp:attachment":[{"href":"https:\/\/sabole.es\/fr\/wp-json\/wp\/v2\/media?parent=484"}],"curies":[{"name":"wp","href":"https:\/\/api.w.org\/{rel}","templated":true}]}}