{"id":514,"date":"2024-11-08T13:05:15","date_gmt":"2024-11-08T12:05:15","guid":{"rendered":"https:\/\/sabole.es\/?page_id=514"},"modified":"2026-02-05T12:57:51","modified_gmt":"2026-02-05T11:57:51","slug":"restaurante-de-moda-en-alicante-donde-comer-beber","status":"publish","type":"page","link":"https:\/\/sabole.es\/en\/restaurante-de-moda-en-alicante-donde-comer-beber\/","title":{"rendered":"Restaurante de moda en Alicante"},"content":{"rendered":"<div class=\"wpb-content-wrapper\"><section data-bg-image=\"url\" class=\"vc_row wpb_row vc_row-fluid vc_custom_1770292668798 row-contains-padding-top row-contains-padding-bottom liquid-row-shadowbox-69f2b6428b8c0 vc_row-has-fill vc_row-has-bg vc_column-gap-30 vc_row-o-content-middle vc_row-flex\"><div class=\"liquid-row-overlay\" style=\"background:rgba(0, 0, 0, 0.7)\"><\/div><div class=\"ld-container container\"><div class=\"row ld-row\"><div class=\"wpb_column vc_column_container vc_col-sm-2 liquid-column-69f2b6428be4c\"><div class=\"vc_column-inner\"><div class=\"wpb_wrapper\"   ><div class=\"wpb_wrapper-inner\"><\/div><\/div><\/div><\/div><div class=\"wpb_column vc_column_container vc_col-sm-8 text-center liquid-column-69f2b6428c0aa\"><div class=\"vc_column-inner\"><div class=\"wpb_wrapper\"   ><div class=\"wpb_wrapper-inner\"><style>.ld_fancy_heading_69f2b6428c193 h1{color:rgb(255, 205, 28);}.ld_fancy_heading_69f2b6428c193 .lqd-highlight-inner{height:0.275em;bottom:0px;}<\/style><div class=\"ld-fancy-heading text-center ld_fancy_heading_69f2b6428c193\">\n\t<h1 class=\"lqd-highlight-underline lqd-highlight-grow-left\" ><span class=\"ld-fh-txt\"> Sabol\u00e9, est\u00e1 hecho de color, sabor y buen rollo, en la c\u00e1lida ciudad de Alicante<\/span><\/h1><\/div><style>.ld_fancy_heading_69f2b6428c49e p{font-size:20px;line-height:28px;color:rgb(255, 255, 255);}.ld_fancy_heading_69f2b6428c49e .lqd-highlight-inner{height:0.275em;bottom:0px;}<\/style><div class=\"ld-fancy-heading text-center ld_fancy_heading_69f2b6428c49e\">\n\t<p class=\"lqd-highlight-underline lqd-highlight-grow-left\" ><span class=\"ld-fh-txt\"> Alicante es conocida por su vibrante vida social y su variada oferta gastron\u00f3mica. Entre los restaurantes que destacan en esta ciudad, siempre hay aquellos que se convierten en aut\u00e9nticos puntos de encuentro por su estilo \u00fanico, su ambiente acogedor y, por supuesto, su excelente comida. Si est\u00e1s buscando un restaurante en Alicante que combine todo esto, no hace falta buscar m\u00e1s.<\/span><\/p><\/div><\/div><\/div><\/div><\/div><div class=\"wpb_column vc_column_container vc_col-sm-2 liquid-column-69f2b6428c744\"><div class=\"vc_column-inner\"><div class=\"wpb_wrapper\"   ><div class=\"wpb_wrapper-inner\"><\/div><\/div><\/div><\/div><\/div><\/div><\/section><section data-bg-image=\"url\" class=\"vc_row wpb_row vc_row-fluid vc_custom_1730719995057 row-contains-padding-top row-contains-padding-bottom liquid-row-shadowbox-69f2b6428c94b vc_row-has-fill vc_row-has-bg vc_column-gap-30 vc_row-o-content-middle vc_row-flex\"><div class=\"ld-container container\"><div class=\"row ld-row\"><div class=\"wpb_column vc_column_container vc_col-sm-2 liquid-column-69f2b6428cbc9\"><div class=\"vc_column-inner\"><div class=\"wpb_wrapper\"   ><div class=\"wpb_wrapper-inner\"><\/div><\/div><\/div><\/div><div class=\"wpb_column vc_column_container vc_col-sm-8 text-center liquid-column-69f2b6428cdee\"><div class=\"vc_column-inner\"><div class=\"wpb_wrapper\"   ><div class=\"wpb_wrapper-inner\"><style>.ld_fancy_heading_69f2b6428cecd p{font-size:20px;line-height:28px;color:rgb(0, 27, 63);}.ld_fancy_heading_69f2b6428cecd .lqd-highlight-inner{height:0.275em;bottom:0px;}<\/style><div class=\"ld-fancy-heading text-left ld_fancy_heading_69f2b6428cecd\">\n\t<p class=\"lqd-highlight-underline lqd-highlight-grow-left\" ><span class=\"ld-fh-txt\"> <span style=\"font-size: 21px\"><strong>Sabol\u00e9 es el restaurante que est\u00e1 marcando tendencia en Alicante. Su combinaci\u00f3n de sabores venezolanos aut\u00e9nticos, un ambiente lleno de color y energ\u00eda, y su atenci\u00f3n cercana lo convierten en una experiencia \u00fanica que no querr\u00e1s perderte.<\/strong><\/span><\/p>\n<p>&nbsp;<\/p>\n<p>En Sabol\u00e9, cada detalle cuenta. Desde las famosas arepas, rellenas de delicias como carne mechada, pollo guisado o queso fresco, hasta las suaves cachapas que combinan el dulce del ma\u00edz con el sabor salado del queso de mano. Cada plato refleja el esp\u00edritu de la cocina artesanal venezolana, pensado para quienes buscan algo diferente.<\/p>\n<p>&nbsp;<\/p>\n<p>Todo esto, en un entorno que mezcla modernidad y tradici\u00f3n, con una energ\u00eda que te har\u00e1 querer volver una y otra vez. Si buscas algo m\u00e1s que solo una comida, Sabol\u00e9 es el lugar perfecto. Es el restaurante de moda en Alicante donde la comida, el ambiente y la atenci\u00f3n se unen para crear una experiencia que marca la diferencia. Ven y vive algo \u00fanico, y descubre por qu\u00e9 todos est\u00e1n hablando de Sabol\u00e9.<\/span><\/p><\/div><div class=\"vc_empty_space\"   style=\"height: 50px\"><span class=\"vc_empty_space_inner\"><\/span><\/div><style>.ld_button_69f2b6428d109.btn-icon-solid .btn-icon{background:#001b3f;}.ld_button_69f2b6428d109.btn-icon-circle.btn-icon-ripple .btn-icon:before{border-color:#001b3f;}.ld_button_69f2b6428d109.btn-icon-solid:hover .btn-icon{background:#ffcd1c;}.ld_button_69f2b6428d109{background-color:#001b3f;border-color:#001b3f;color:rgb(255, 255, 255);font-size:14px !important;font-weight:800 !important;letter-spacing:0.3em !important;}.ld_button_69f2b6428d109:hover{background-color:#ffcd1c;border-color:#ffcd1c;color:rgb(255, 255, 255);}.ld_button_69f2b6428d109 .btn-gradient-bg-hover{background:-webkit-linear-gradient(to right, #ffcd1c 0%, #ffcd1c 100%);background:linear-gradient(to right, #ffcd1c 0%, #ffcd1c 100%);}.ld_button_69f2b6428d109 .btn-gradient-border defs stop:first-child{stop-color:#001b3f;}.ld_button_69f2b6428d109 .btn-gradient-border defs stop:last-child{stop-color:#001b3f;}.ld_button_69f2b6428d109:hover .btn-gradient-border defs stop:first-child{stop-color:#ffcd1c;}.ld_button_69f2b6428d109:hover .btn-gradient-border defs stop:last-child{stop-color:#ffcd1c;}<\/style><a href=\"tel:+34600649858\" target=\"_blank\" class=\"btn btn-solid text-uppercase btn-lg semi-round btn-bordered border-thin ld_button_69f2b6428d109\">\n\t<span>\n\t\t\n\t\t\t\t\t<span class=\"btn-txt\">Reserva tu mesa ahora<\/span>\n\t\t\t\n\t\t\t\t<\/span>\n<\/a>\n<\/div><\/div><\/div><\/div><div class=\"wpb_column vc_column_container vc_col-sm-2 liquid-column-69f2b6428e66e\"><div class=\"vc_column-inner\"><div class=\"wpb_wrapper\"   ><div class=\"wpb_wrapper-inner\"><\/div><\/div><\/div><\/div><\/div><\/div><\/section><section id=\"carta\" data-bg-image=\"url\" class=\"vc_row wpb_row vc_row-fluid vc_custom_1730720312489 row-contains-padding-top row-contains-padding-bottom liquid-row-shadowbox-69f2b6428e876 vc_row-has-fill vc_row-has-bg vc_column-gap-30 vc_row-o-content-middle vc_row-flex\"><div class=\"ld-container container\"><div class=\"row ld-row\"><div class=\"wpb_column vc_column_container vc_col-sm-12 liquid-column-69f2b6428eaec\"><div class=\"vc_column-inner\"><div class=\"wpb_wrapper\"   ><div class=\"wpb_wrapper-inner\"><div class=\"vc_row wpb_row vc_inner vc_row-fluid liquid-row-shadowbox-69f2b6428ecbd\"><div class=\"wpb_column vc_column_container vc_col-sm-2 liquid-column-69f2b6428eefd\"><div class=\"vc_column-inner\"><div class=\"wpb_wrapper\"  ><div class=\"wpb_wrapper-inner\"><\/div><\/div><\/div><\/div><div class=\"wpb_column vc_column_container vc_col-sm-8 liquid-column-69f2b6428f0a1\"><div class=\"vc_column-inner\"><div class=\"wpb_wrapper\"  ><div class=\"wpb_wrapper-inner\"><style>.ld_fancy_heading_69f2b6428f140 h2{color:#001b3f;}.ld_fancy_heading_69f2b6428f140 .lqd-highlight-inner{height:0.275em;bottom:0px;}<\/style><div class=\"ld-fancy-heading text-center ld_fancy_heading_69f2b6428f140\">\n\t<h2 class=\"lqd-highlight-underline lqd-highlight-grow-left\" ><span class=\"ld-fh-txt\"> Want to see what you can enjoy at Sabol\u00e9?<\/span><\/h2><\/div><style>.ld_fancy_heading_69f2b64290841 h3{color:#ffcd1c;}.ld_fancy_heading_69f2b64290841 .lqd-highlight-inner{height:0.275em;bottom:0px;}<\/style><div class=\"ld-fancy-heading text-center ld_fancy_heading_69f2b64290841\">\n\t<h3 class=\"lqd-highlight-underline lqd-highlight-grow-left\" ><span class=\"ld-fh-txt\"> Explore any of our menus:<\/span><\/h3><\/div><\/div><\/div><\/div><\/div><div class=\"wpb_column vc_column_container vc_col-sm-2 liquid-column-69f2b64291cb4\"><div class=\"vc_column-inner\"><div class=\"wpb_wrapper\"  ><div class=\"wpb_wrapper-inner\"><\/div><\/div><\/div><\/div><\/div><div class=\"vc_row wpb_row vc_inner vc_row-fluid vc_custom_1728744245740 liquid-row-shadowbox-69f2b64291e0d vc_column-gap-20\"><div class=\"wpb_column vc_column_container vc_col-sm-3 liquid-column-69f2b6429201f\"><div class=\"vc_column-inner\"><div class=\"wpb_wrapper\"  ><div class=\"wpb_wrapper-inner\"><div id=\"ld_content_box_69f2b64292121\" class=\"fancy-box fancy-box-case-study scheme-light ld_content_box_69f2b64292121\" data-hover3d=\"true\">\n\n\t<div class=\"fancy-box-contents border-radius-5\" data-stacking-factor=\"0.5\">\n\n\t\t<div class=\"cb-img-container border-radius-5\">\n\n\t\t\t<figure class=\"fancy-box-image border-radius-5\" style=\"background-image: url(https:\/\/sabole.es\/wp-content\/uploads\/2024\/10\/Sabole-Web-Carta-Comidas.jpg);\">\n\t\t\t\t<img loading=\"lazy\" decoding=\"async\" width=\"1080\" height=\"1350\" src=\"data:image\/svg+xml;charset=utf-8,&lt;svg xmlns%3D&#039;http%3A%2F%2Fwww.w3.org%2F2000%2Fsvg&#039; viewBox%3D&#039;0 0 1080 1350&#039;%2F&gt;\" class=\"invisible ld-lazyload\" alt=\"\" srcset=\"\" sizes=\"auto, (max-width: 1080px) 100vw, 1080px\" data-src=\"https:\/\/sabole.es\/wp-content\/uploads\/2024\/10\/Sabole-Web-Carta-Comidas.jpg\" data-srcset=\"https:\/\/sabole.es\/wp-content\/uploads\/2024\/10\/Sabole-Web-Carta-Comidas.jpg 1080w, https:\/\/sabole.es\/wp-content\/uploads\/2024\/10\/Sabole-Web-Carta-Comidas-240x300.jpg 240w, https:\/\/sabole.es\/wp-content\/uploads\/2024\/10\/Sabole-Web-Carta-Comidas-819x1024.jpg 819w, https:\/\/sabole.es\/wp-content\/uploads\/2024\/10\/Sabole-Web-Carta-Comidas-10x12.jpg 10w\" data-aspect=\"0.8\" \/>\t\t\t<\/figure>\n\n\t\t<\/div><!-- \/.cb-img-container -->\n\t\t<div class=\"fancy-box-header\">\n\t\t\t\n\t\t\t\t\t\t\t\t\t<h3>Food Menu<\/h3>\n\t\t<\/div><!-- \/.fancy-box-header -->\n\n\t<\/div><!-- \/.fancy-box-contents -->\n\n\t<a href=\"https:\/\/sabole.es\/en\/carta\/\" title=\"Food Menu\" class=\"liquid-overlay-link\"><\/a>\n<\/div><!-- \/.fancy-box fancy-box-classes --><\/div><\/div><\/div><\/div><div class=\"wpb_column vc_column_container vc_col-sm-3 liquid-column-69f2b64296bd2\"><div class=\"vc_column-inner\"><div class=\"wpb_wrapper\"  ><div class=\"wpb_wrapper-inner\"><div id=\"ld_content_box_69f2b64296cbc\" class=\"fancy-box fancy-box-case-study scheme-light ld_content_box_69f2b64296cbc\" data-hover3d=\"true\">\n\n\t<div class=\"fancy-box-contents border-radius-5\" data-stacking-factor=\"0.5\">\n\n\t\t<div class=\"cb-img-container border-radius-5\">\n\n\t\t\t<figure class=\"fancy-box-image border-radius-5\" style=\"background-image: url(https:\/\/sabole.es\/wp-content\/uploads\/2024\/10\/Sabole-Web-Carta-Postres.jpg);\">\n\t\t\t\t<img loading=\"lazy\" decoding=\"async\" width=\"1080\" height=\"1350\" src=\"data:image\/svg+xml;charset=utf-8,&lt;svg xmlns%3D&#039;http%3A%2F%2Fwww.w3.org%2F2000%2Fsvg&#039; viewBox%3D&#039;0 0 1080 1350&#039;%2F&gt;\" class=\"invisible ld-lazyload\" alt=\"\" srcset=\"\" sizes=\"auto, (max-width: 1080px) 100vw, 1080px\" data-src=\"https:\/\/sabole.es\/wp-content\/uploads\/2024\/10\/Sabole-Web-Carta-Postres.jpg\" data-srcset=\"https:\/\/sabole.es\/wp-content\/uploads\/2024\/10\/Sabole-Web-Carta-Postres.jpg 1080w, https:\/\/sabole.es\/wp-content\/uploads\/2024\/10\/Sabole-Web-Carta-Postres-240x300.jpg 240w, https:\/\/sabole.es\/wp-content\/uploads\/2024\/10\/Sabole-Web-Carta-Postres-819x1024.jpg 819w, https:\/\/sabole.es\/wp-content\/uploads\/2024\/10\/Sabole-Web-Carta-Postres-10x12.jpg 10w\" data-aspect=\"0.8\" \/>\t\t\t<\/figure>\n\n\t\t<\/div><!-- \/.cb-img-container -->\n\t\t<div class=\"fancy-box-header\">\n\t\t\t\n\t\t\t\t\t\t\t\t\t<h3>Desserts Menu<\/h3>\n\t\t<\/div><!-- \/.fancy-box-header -->\n\n\t<\/div><!-- \/.fancy-box-contents -->\n\n\t<a href=\"https:\/\/sabole.es\/en\/carta-de-postres\/\" title=\"Desserts Menu\" class=\"liquid-overlay-link\"><\/a>\n<\/div><!-- \/.fancy-box fancy-box-classes --><\/div><\/div><\/div><\/div><div class=\"wpb_column vc_column_container vc_col-sm-3 liquid-column-69f2b6429a6d9\"><div class=\"vc_column-inner\"><div class=\"wpb_wrapper\"  ><div class=\"wpb_wrapper-inner\"><div id=\"ld_content_box_69f2b6429a7df\" class=\"fancy-box fancy-box-case-study scheme-light ld_content_box_69f2b6429a7df\" data-hover3d=\"true\">\n\n\t<div class=\"fancy-box-contents border-radius-5\" data-stacking-factor=\"0.5\">\n\n\t\t<div class=\"cb-img-container border-radius-5\">\n\n\t\t\t<figure class=\"fancy-box-image border-radius-5\" style=\"background-image: url(https:\/\/sabole.es\/wp-content\/uploads\/2024\/10\/Sabole-Web-Carta-Bebidas.jpg);\">\n\t\t\t\t<img loading=\"lazy\" decoding=\"async\" width=\"1080\" height=\"1350\" src=\"data:image\/svg+xml;charset=utf-8,&lt;svg xmlns%3D&#039;http%3A%2F%2Fwww.w3.org%2F2000%2Fsvg&#039; viewBox%3D&#039;0 0 1080 1350&#039;%2F&gt;\" class=\"invisible ld-lazyload\" alt=\"\" srcset=\"\" sizes=\"auto, (max-width: 1080px) 100vw, 1080px\" data-src=\"https:\/\/sabole.es\/wp-content\/uploads\/2024\/10\/Sabole-Web-Carta-Bebidas.jpg\" data-srcset=\"https:\/\/sabole.es\/wp-content\/uploads\/2024\/10\/Sabole-Web-Carta-Bebidas.jpg 1080w, https:\/\/sabole.es\/wp-content\/uploads\/2024\/10\/Sabole-Web-Carta-Bebidas-240x300.jpg 240w, https:\/\/sabole.es\/wp-content\/uploads\/2024\/10\/Sabole-Web-Carta-Bebidas-819x1024.jpg 819w, https:\/\/sabole.es\/wp-content\/uploads\/2024\/10\/Sabole-Web-Carta-Bebidas-10x12.jpg 10w\" data-aspect=\"0.8\" \/>\t\t\t<\/figure>\n\n\t\t<\/div><!-- \/.cb-img-container -->\n\t\t<div class=\"fancy-box-header\">\n\t\t\t\n\t\t\t\t\t\t\t\t\t<h3>Drinks Menu<\/h3>\n\t\t<\/div><!-- \/.fancy-box-header -->\n\n\t<\/div><!-- \/.fancy-box-contents -->\n\n\t<a href=\"https:\/\/sabole.es\/en\/carta-de-bebidas\/\" title=\"Drinks Menu\" class=\"liquid-overlay-link\"><\/a>\n<\/div><!-- \/.fancy-box fancy-box-classes --><\/div><\/div><\/div><\/div><div class=\"wpb_column vc_column_container vc_col-sm-3 liquid-column-69f2b6429cd9c\"><div class=\"vc_column-inner\"><div class=\"wpb_wrapper\"  ><div class=\"wpb_wrapper-inner\"><div id=\"ld_content_box_69f2b6429ce78\" class=\"fancy-box fancy-box-case-study scheme-light ld_content_box_69f2b6429ce78\" data-hover3d=\"true\">\n\n\t<div class=\"fancy-box-contents border-radius-5\" data-stacking-factor=\"0.5\">\n\n\t\t<div class=\"cb-img-container border-radius-5\">\n\n\t\t\t<figure class=\"fancy-box-image border-radius-5\" style=\"background-image: url(https:\/\/sabole.es\/wp-content\/uploads\/2024\/10\/Sabole-Web-Carta-Desayunos.jpg);\">\n\t\t\t\t<img loading=\"lazy\" decoding=\"async\" width=\"1080\" height=\"1350\" src=\"data:image\/svg+xml;charset=utf-8,&lt;svg xmlns%3D&#039;http%3A%2F%2Fwww.w3.org%2F2000%2Fsvg&#039; viewBox%3D&#039;0 0 1080 1350&#039;%2F&gt;\" class=\"invisible ld-lazyload\" alt=\"\" srcset=\"\" sizes=\"auto, (max-width: 1080px) 100vw, 1080px\" data-src=\"https:\/\/sabole.es\/wp-content\/uploads\/2024\/10\/Sabole-Web-Carta-Desayunos.jpg\" data-srcset=\"https:\/\/sabole.es\/wp-content\/uploads\/2024\/10\/Sabole-Web-Carta-Desayunos.jpg 1080w, https:\/\/sabole.es\/wp-content\/uploads\/2024\/10\/Sabole-Web-Carta-Desayunos-240x300.jpg 240w, https:\/\/sabole.es\/wp-content\/uploads\/2024\/10\/Sabole-Web-Carta-Desayunos-819x1024.jpg 819w, https:\/\/sabole.es\/wp-content\/uploads\/2024\/10\/Sabole-Web-Carta-Desayunos-10x12.jpg 10w\" data-aspect=\"0.8\" \/>\t\t\t<\/figure>\n\n\t\t<\/div><!-- \/.cb-img-container -->\n\t\t<div class=\"fancy-box-header\">\n\t\t\t\n\t\t\t\t\t\t\t\t\t<h3>Breakfast Menu<\/h3>\n\t\t<\/div><!-- \/.fancy-box-header -->\n\n\t<\/div><!-- \/.fancy-box-contents -->\n\n\t<a href=\"https:\/\/sabole.es\/en\/carta-de-desayunos\/\" title=\"Breakfast Menu\" class=\"liquid-overlay-link\"><\/a>\n<\/div><!-- \/.fancy-box fancy-box-classes --><\/div><\/div><\/div><\/div><\/div><\/div><\/div><\/div><\/div><\/div><\/div><\/section>\n<\/div>","protected":false},"excerpt":{"rendered":"Sabol\u00e9, est\u00e1 hecho de color, sabor y buen rollo, en la c\u00e1lida ciudad de Alicante...","protected":false},"author":1,"featured_media":0,"parent":0,"menu_order":0,"comment_status":"closed","ping_status":"closed","template":"","meta":{"footnotes":""},"class_list":["post-514","page","type-page","status-publish","hentry"],"yoast_head":"<!-- This site is optimized with the Yoast SEO plugin v24.5 - https:\/\/yoast.com\/wordpress\/plugins\/seo\/ -->\n<title>Restaurante de moda en Alicante - Sabol\u00e9<\/title>\n<meta name=\"description\" content=\"Descubre Sabol\u00e9, el restaurante de moda en Alicante. Vive una experiencia \u00fanica con aut\u00e9nticos sabores venezolanos en un ambiente lleno de color y buena energ\u00eda. Arepas, cachapas y teque\u00f1os que te sorprender\u00e1n. \u00a1Vis\u00edtanos y vive algo diferente!\" \/>\n<meta name=\"robots\" content=\"index, follow, max-snippet:-1, max-image-preview:large, max-video-preview:-1\" \/>\n<link rel=\"canonical\" href=\"https:\/\/sabole.es\/en\/restaurante-de-moda-en-alicante-donde-comer-beber\/\" \/>\n<meta property=\"og:locale\" content=\"en_GB\" \/>\n<meta property=\"og:type\" content=\"article\" \/>\n<meta property=\"og:title\" content=\"Restaurante de moda en Alicante - Sabol\u00e9\" \/>\n<meta property=\"og:description\" content=\"Descubre Sabol\u00e9, el restaurante de moda en Alicante. Vive una experiencia \u00fanica con aut\u00e9nticos sabores venezolanos en un ambiente lleno de color y buena energ\u00eda. Arepas, cachapas y teque\u00f1os que te sorprender\u00e1n. \u00a1Vis\u00edtanos y vive algo diferente!\" \/>\n<meta property=\"og:url\" content=\"https:\/\/sabole.es\/en\/restaurante-de-moda-en-alicante-donde-comer-beber\/\" \/>\n<meta property=\"og:site_name\" content=\"Sabol\u00e9\" \/>\n<meta property=\"article:publisher\" content=\"https:\/\/www.instagram.com\/sabole.alicante\/\" \/>\n<meta property=\"article:modified_time\" content=\"2026-02-05T11:57:51+00:00\" \/>\n<meta name=\"twitter:card\" content=\"summary_large_image\" \/>\n<meta name=\"twitter:label1\" content=\"Estimated reading time\" \/>\n\t<meta name=\"twitter:data1\" content=\"2 minutes\" \/>\n<script type=\"application\/ld+json\" class=\"yoast-schema-graph\">{\"@context\":\"https:\/\/schema.org\",\"@graph\":[{\"@type\":\"WebPage\",\"@id\":\"https:\/\/sabole.es\/restaurante-de-moda-en-alicante-donde-comer-beber\/\",\"url\":\"https:\/\/sabole.es\/restaurante-de-moda-en-alicante-donde-comer-beber\/\",\"name\":\"Restaurante de moda en Alicante - Sabol\u00e9\",\"isPartOf\":{\"@id\":\"https:\/\/sabole.es\/#website\"},\"datePublished\":\"2024-11-08T12:05:15+00:00\",\"dateModified\":\"2026-02-05T11:57:51+00:00\",\"description\":\"Descubre Sabol\u00e9, el restaurante de moda en Alicante. Vive una experiencia \u00fanica con aut\u00e9nticos sabores venezolanos en un ambiente lleno de color y buena energ\u00eda. Arepas, cachapas y teque\u00f1os que te sorprender\u00e1n. \u00a1Vis\u00edtanos y vive algo diferente!\",\"breadcrumb\":{\"@id\":\"https:\/\/sabole.es\/restaurante-de-moda-en-alicante-donde-comer-beber\/#breadcrumb\"},\"inLanguage\":\"en-GB\",\"potentialAction\":[{\"@type\":\"ReadAction\",\"target\":[\"https:\/\/sabole.es\/restaurante-de-moda-en-alicante-donde-comer-beber\/\"]}]},{\"@type\":\"BreadcrumbList\",\"@id\":\"https:\/\/sabole.es\/restaurante-de-moda-en-alicante-donde-comer-beber\/#breadcrumb\",\"itemListElement\":[{\"@type\":\"ListItem\",\"position\":1,\"name\":\"Portada\",\"item\":\"https:\/\/sabole.es\/\"},{\"@type\":\"ListItem\",\"position\":2,\"name\":\"Restaurante de moda en Alicante\"}]},{\"@type\":\"WebSite\",\"@id\":\"https:\/\/sabole.es\/#website\",\"url\":\"https:\/\/sabole.es\/\",\"name\":\"Sabol\u00e9\",\"description\":\"Restaurante venezolano en Alicante\",\"publisher\":{\"@id\":\"https:\/\/sabole.es\/#organization\"},\"potentialAction\":[{\"@type\":\"SearchAction\",\"target\":{\"@type\":\"EntryPoint\",\"urlTemplate\":\"https:\/\/sabole.es\/?s={search_term_string}\"},\"query-input\":{\"@type\":\"PropertyValueSpecification\",\"valueRequired\":true,\"valueName\":\"search_term_string\"}}],\"inLanguage\":\"en-GB\"},{\"@type\":\"Organization\",\"@id\":\"https:\/\/sabole.es\/#organization\",\"name\":\"Sabol\u00e9\",\"url\":\"https:\/\/sabole.es\/\",\"logo\":{\"@type\":\"ImageObject\",\"inLanguage\":\"en-GB\",\"@id\":\"https:\/\/sabole.es\/#\/schema\/logo\/image\/\",\"url\":\"https:\/\/sabole.es\/wp-content\/uploads\/2024\/10\/Sabole-Web-LogoSabole-Yellow.svg\",\"contentUrl\":\"https:\/\/sabole.es\/wp-content\/uploads\/2024\/10\/Sabole-Web-LogoSabole-Yellow.svg\",\"width\":1,\"height\":1,\"caption\":\"Sabol\u00e9\"},\"image\":{\"@id\":\"https:\/\/sabole.es\/#\/schema\/logo\/image\/\"},\"sameAs\":[\"https:\/\/www.instagram.com\/sabole.alicante\/\"]}]}<\/script>\n<!-- \/ Yoast SEO plugin. -->","yoast_head_json":{"title":"Restaurante de moda en Alicante - Sabol\u00e9","description":"Descubre Sabol\u00e9, el restaurante de moda en Alicante. Vive una experiencia \u00fanica con aut\u00e9nticos sabores venezolanos en un ambiente lleno de color y buena energ\u00eda. Arepas, cachapas y teque\u00f1os que te sorprender\u00e1n. \u00a1Vis\u00edtanos y vive algo diferente!","robots":{"index":"index","follow":"follow","max-snippet":"max-snippet:-1","max-image-preview":"max-image-preview:large","max-video-preview":"max-video-preview:-1"},"canonical":"https:\/\/sabole.es\/en\/restaurante-de-moda-en-alicante-donde-comer-beber\/","og_locale":"en_GB","og_type":"article","og_title":"Restaurante de moda en Alicante - Sabol\u00e9","og_description":"Descubre Sabol\u00e9, el restaurante de moda en Alicante. Vive una experiencia \u00fanica con aut\u00e9nticos sabores venezolanos en un ambiente lleno de color y buena energ\u00eda. Arepas, cachapas y teque\u00f1os que te sorprender\u00e1n. \u00a1Vis\u00edtanos y vive algo diferente!","og_url":"https:\/\/sabole.es\/en\/restaurante-de-moda-en-alicante-donde-comer-beber\/","og_site_name":"Sabol\u00e9","article_publisher":"https:\/\/www.instagram.com\/sabole.alicante\/","article_modified_time":"2026-02-05T11:57:51+00:00","twitter_card":"summary_large_image","twitter_misc":{"Estimated reading time":"2 minutes"},"schema":{"@context":"https:\/\/schema.org","@graph":[{"@type":"WebPage","@id":"https:\/\/sabole.es\/restaurante-de-moda-en-alicante-donde-comer-beber\/","url":"https:\/\/sabole.es\/restaurante-de-moda-en-alicante-donde-comer-beber\/","name":"Restaurante de moda en Alicante - Sabol\u00e9","isPartOf":{"@id":"https:\/\/sabole.es\/#website"},"datePublished":"2024-11-08T12:05:15+00:00","dateModified":"2026-02-05T11:57:51+00:00","description":"Descubre Sabol\u00e9, el restaurante de moda en Alicante. Vive una experiencia \u00fanica con aut\u00e9nticos sabores venezolanos en un ambiente lleno de color y buena energ\u00eda. Arepas, cachapas y teque\u00f1os que te sorprender\u00e1n. \u00a1Vis\u00edtanos y vive algo diferente!","breadcrumb":{"@id":"https:\/\/sabole.es\/restaurante-de-moda-en-alicante-donde-comer-beber\/#breadcrumb"},"inLanguage":"en-GB","potentialAction":[{"@type":"ReadAction","target":["https:\/\/sabole.es\/restaurante-de-moda-en-alicante-donde-comer-beber\/"]}]},{"@type":"BreadcrumbList","@id":"https:\/\/sabole.es\/restaurante-de-moda-en-alicante-donde-comer-beber\/#breadcrumb","itemListElement":[{"@type":"ListItem","position":1,"name":"Portada","item":"https:\/\/sabole.es\/"},{"@type":"ListItem","position":2,"name":"Restaurante de moda en Alicante"}]},{"@type":"WebSite","@id":"https:\/\/sabole.es\/#website","url":"https:\/\/sabole.es\/","name":"Sabol\u00e9","description":"Restaurante venezolano en Alicante","publisher":{"@id":"https:\/\/sabole.es\/#organization"},"potentialAction":[{"@type":"SearchAction","target":{"@type":"EntryPoint","urlTemplate":"https:\/\/sabole.es\/?s={search_term_string}"},"query-input":{"@type":"PropertyValueSpecification","valueRequired":true,"valueName":"search_term_string"}}],"inLanguage":"en-GB"},{"@type":"Organization","@id":"https:\/\/sabole.es\/#organization","name":"Sabol\u00e9","url":"https:\/\/sabole.es\/","logo":{"@type":"ImageObject","inLanguage":"en-GB","@id":"https:\/\/sabole.es\/#\/schema\/logo\/image\/","url":"https:\/\/sabole.es\/wp-content\/uploads\/2024\/10\/Sabole-Web-LogoSabole-Yellow.svg","contentUrl":"https:\/\/sabole.es\/wp-content\/uploads\/2024\/10\/Sabole-Web-LogoSabole-Yellow.svg","width":1,"height":1,"caption":"Sabol\u00e9"},"image":{"@id":"https:\/\/sabole.es\/#\/schema\/logo\/image\/"},"sameAs":["https:\/\/www.instagram.com\/sabole.alicante\/"]}]}},"_links":{"self":[{"href":"https:\/\/sabole.es\/en\/wp-json\/wp\/v2\/pages\/514","targetHints":{"allow":["GET"]}}],"collection":[{"href":"https:\/\/sabole.es\/en\/wp-json\/wp\/v2\/pages"}],"about":[{"href":"https:\/\/sabole.es\/en\/wp-json\/wp\/v2\/types\/page"}],"author":[{"embeddable":true,"href":"https:\/\/sabole.es\/en\/wp-json\/wp\/v2\/users\/1"}],"replies":[{"embeddable":true,"href":"https:\/\/sabole.es\/en\/wp-json\/wp\/v2\/comments?post=514"}],"version-history":[{"count":4,"href":"https:\/\/sabole.es\/en\/wp-json\/wp\/v2\/pages\/514\/revisions"}],"predecessor-version":[{"id":908,"href":"https:\/\/sabole.es\/en\/wp-json\/wp\/v2\/pages\/514\/revisions\/908"}],"wp:attachment":[{"href":"https:\/\/sabole.es\/en\/wp-json\/wp\/v2\/media?parent=514"}],"curies":[{"name":"wp","href":"https:\/\/api.w.org\/{rel}","templated":true}]}}